{"id":1161,"date":"2024-06-11T19:53:15","date_gmt":"2024-06-11T17:53:15","guid":{"rendered":"https:\/\/brkljaca.hr\/?post_type=product&#038;p=1161"},"modified":"2024-07-15T02:03:41","modified_gmt":"2024-07-15T00:03:41","slug":"glava-odojak","status":"publish","type":"product","link":"https:\/\/brkljaca.hr\/zh\/product\/\u4e73\u5934\/","title":{"rendered":"\u5934\u5438\u76d8"},"content":{"rendered":"","protected":false},"excerpt":{"rendered":"<p>\u4e73\u732a\u5934\u7684\u5473\u9053\u6d53\u90c1\u800c\u6b63\u5b97\uff0c\u5373\u4f7f\u662f\u6700\u6311\u5254\u7684\u5473\u857e\u4e5f\u80fd\u6ee1\u8db3\u3002\u4eab\u53d7\u6bcf\u4e00\u53e3\u8fd9\u79cd\u72ec\u7279\u7684\u7f8e\u98df\u3002<\/p>","protected":false},"featured_media":1206,"template":"","meta":{"site-sidebar-layout":"default","site-content-layout":"","ast-site-content-layout":"default","site-content-style":"default","site-sidebar-style":"default","ast-global-header-display":"","ast-banner-title-visibility":"","ast-main-header-display":"","ast-hfb-above-header-display":"","ast-hfb-below-header-display":"","ast-hfb-mobile-header-display":"","site-post-title":"","ast-breadcrumbs-content":"","ast-featured-img":"","footer-sml-layout":"","ast-disable-related-posts":"","theme-transparent-header-meta":"default","adv-header-id-meta":"","stick-header-meta":"default","header-above-stick-meta":"","header-main-stick-meta":"","header-below-stick-meta":"","astra-migrate-meta-layouts":"set","ast-page-background-enabled":"default","ast-page-background-meta":{"desktop":{"background-color":"var(--ast-global-color-4)","background-image":"","background-repeat":"repeat","background-position":"center center","background-size":"auto","background-attachment":"scroll","background-type":"","background-media":"","overlay-type":"","overlay-color":"","overlay-opacity":"","overlay-gradient":""},"tablet":{"background-color":"","background-image":"","background-repeat":"repeat","background-position":"center center","background-size":"auto","background-attachment":"scroll","background-type":"","background-media":"","overlay-type":"","overlay-color":"","overlay-opacity":"","overlay-gradient":""},"mobile":{"background-color":"","background-image":"","background-repeat":"repeat","background-position":"center center","background-size":"auto","background-attachment":"scroll","background-type":"","background-media":"","overlay-type":"","overlay-color":"","overlay-opacity":"","overlay-gradient":""}},"ast-content-background-meta":{"desktop":{"background-color":"var(--ast-global-color-5)","background-image":"","background-repeat":"repeat","background-position":"center center","background-size":"auto","background-attachment":"scroll","background-type":"","background-media":"","overlay-type":"","overlay-color":"","overlay-opacity":"","overlay-gradient":""},"tablet":{"background-color":"var(--ast-global-color-5)","background-image":"","background-repeat":"repeat","background-position":"center center","background-size":"auto","background-attachment":"scroll","background-type":"","background-media":"","overlay-type":"","overlay-color":"","overlay-opacity":"","overlay-gradient":""},"mobile":{"background-color":"var(--ast-global-color-5)","background-image":"","background-repeat":"repeat","background-position":"center center","background-size":"auto","background-attachment":"scroll","background-type":"","background-media":"","overlay-type":"","overlay-color":"","overlay-opacity":"","overlay-gradient":""}}},"product_brand":[],"product_cat":[34],"product_tag":[],"class_list":{"0":"post-1161","1":"product","2":"type-product","3":"status-publish","4":"has-post-thumbnail","6":"product_cat-brkljaca","7":"desktop-align-left","8":"tablet-align-left","9":"mobile-align-left","10":"ast-product-gallery-layout-horizontal-slider","11":"ast-product-gallery-with-no-image","13":"first","14":"instock","15":"shipping-taxable","16":"purchasable","17":"product-type-simple"},"yoast_head":"<!-- This site is optimized with the Yoast SEO plugin v27.4 - https:\/\/yoast.com\/product\/yoast-seo-wordpress\/ -->\n<title>Glava odojak - brkljaca.hr<\/title>\n<meta name=\"robots\" content=\"index, follow, max-snippet:-1, max-image-preview:large, max-video-preview:-1\" \/>\n<link rel=\"canonical\" href=\"https:\/\/brkljaca.hr\/zh\/product\/\u4e73\u5934\/\" \/>\n<meta property=\"og:locale\" content=\"zh_CN\" \/>\n<meta property=\"og:type\" content=\"article\" \/>\n<meta property=\"og:title\" content=\"Glava odojak - brkljaca.hr\" \/>\n<meta property=\"og:description\" content=\"Glava od odojka nudi bogat i autenti\u010dan okus koji \u0107e zadovoljiti i najzahtjevnija nepca. U\u017eivajte u svakom zalogaju ove jedinstvene poslastice.\" \/>\n<meta property=\"og:url\" content=\"https:\/\/brkljaca.hr\/zh\/product\/\u4e73\u5934\/\" \/>\n<meta property=\"og:site_name\" content=\"brkljaca.hr\" \/>\n<meta property=\"article:modified_time\" content=\"2024-07-15T00:03:41+00:00\" \/>\n<meta property=\"og:image\" content=\"https:\/\/brkljaca.hr\/wp-content\/uploads\/2024\/06\/glava-odojak-1.webp\" \/>\n\t<meta property=\"og:image:width\" content=\"1000\" \/>\n\t<meta property=\"og:image:height\" content=\"1000\" \/>\n\t<meta property=\"og:image:type\" content=\"image\/webp\" \/>\n<meta name=\"twitter:card\" content=\"summary_large_image\" \/>\n<meta name=\"twitter:label1\" content=\"\u9884\u8ba1\u9605\u8bfb\u65f6\u95f4\" \/>\n\t<meta name=\"twitter:data1\" content=\"1 \u5206\" \/>\n<script type=\"application\/ld+json\" class=\"yoast-schema-graph\">{\"@context\":\"https:\\\/\\\/schema.org\",\"@graph\":[{\"@type\":\"WebPage\",\"@id\":\"https:\\\/\\\/brkljaca.hr\\\/proizvod\\\/glava-odojak\\\/\",\"url\":\"https:\\\/\\\/brkljaca.hr\\\/proizvod\\\/glava-odojak\\\/\",\"name\":\"Glava odojak - brkljaca.hr\",\"isPartOf\":{\"@id\":\"https:\\\/\\\/brkljaca.hr\\\/#website\"},\"primaryImageOfPage\":{\"@id\":\"https:\\\/\\\/brkljaca.hr\\\/proizvod\\\/glava-odojak\\\/#primaryimage\"},\"image\":{\"@id\":\"https:\\\/\\\/brkljaca.hr\\\/proizvod\\\/glava-odojak\\\/#primaryimage\"},\"thumbnailUrl\":\"https:\\\/\\\/brkljaca.hr\\\/wp-content\\\/uploads\\\/2024\\\/06\\\/glava-odojak-1.webp\",\"datePublished\":\"2024-06-11T17:53:15+00:00\",\"dateModified\":\"2024-07-15T00:03:41+00:00\",\"breadcrumb\":{\"@id\":\"https:\\\/\\\/brkljaca.hr\\\/proizvod\\\/glava-odojak\\\/#breadcrumb\"},\"inLanguage\":\"zh-Hans\",\"potentialAction\":[{\"@type\":\"ReadAction\",\"target\":[\"https:\\\/\\\/brkljaca.hr\\\/proizvod\\\/glava-odojak\\\/\"]}]},{\"@type\":\"ImageObject\",\"inLanguage\":\"zh-Hans\",\"@id\":\"https:\\\/\\\/brkljaca.hr\\\/proizvod\\\/glava-odojak\\\/#primaryimage\",\"url\":\"https:\\\/\\\/brkljaca.hr\\\/wp-content\\\/uploads\\\/2024\\\/06\\\/glava-odojak-1.webp\",\"contentUrl\":\"https:\\\/\\\/brkljaca.hr\\\/wp-content\\\/uploads\\\/2024\\\/06\\\/glava-odojak-1.webp\",\"width\":1000,\"height\":1000},{\"@type\":\"BreadcrumbList\",\"@id\":\"https:\\\/\\\/brkljaca.hr\\\/proizvod\\\/glava-odojak\\\/#breadcrumb\",\"itemListElement\":[{\"@type\":\"ListItem\",\"position\":1,\"name\":\"Po\u010detna stranica\",\"item\":\"https:\\\/\\\/brkljaca.hr\\\/\"},{\"@type\":\"ListItem\",\"position\":2,\"name\":\"Katalog\",\"item\":\"https:\\\/\\\/brkljaca.hr\\\/katalog\\\/\"},{\"@type\":\"ListItem\",\"position\":3,\"name\":\"Glava odojak\"}]},{\"@type\":\"WebSite\",\"@id\":\"https:\\\/\\\/brkljaca.hr\\\/#website\",\"url\":\"https:\\\/\\\/brkljaca.hr\\\/\",\"name\":\"brkljaca.hr\",\"description\":\"\",\"publisher\":{\"@id\":\"https:\\\/\\\/brkljaca.hr\\\/#organization\"},\"potentialAction\":[{\"@type\":\"SearchAction\",\"target\":{\"@type\":\"EntryPoint\",\"urlTemplate\":\"https:\\\/\\\/brkljaca.hr\\\/?s={search_term_string}\"},\"query-input\":{\"@type\":\"PropertyValueSpecification\",\"valueRequired\":true,\"valueName\":\"search_term_string\"}}],\"inLanguage\":\"zh-Hans\"},{\"@type\":\"Organization\",\"@id\":\"https:\\\/\\\/brkljaca.hr\\\/#organization\",\"name\":\"brkljaca.hr\",\"url\":\"https:\\\/\\\/brkljaca.hr\\\/\",\"logo\":{\"@type\":\"ImageObject\",\"inLanguage\":\"zh-Hans\",\"@id\":\"https:\\\/\\\/brkljaca.hr\\\/#\\\/schema\\\/logo\\\/image\\\/\",\"url\":\"https:\\\/\\\/brkljaca.hr\\\/wp-content\\\/uploads\\\/2024\\\/05\\\/PECENJARNICA-BRKLJACA-logo.png\",\"contentUrl\":\"https:\\\/\\\/brkljaca.hr\\\/wp-content\\\/uploads\\\/2024\\\/05\\\/PECENJARNICA-BRKLJACA-logo.png\",\"width\":450,\"height\":200,\"caption\":\"brkljaca.hr\"},\"image\":{\"@id\":\"https:\\\/\\\/brkljaca.hr\\\/#\\\/schema\\\/logo\\\/image\\\/\"}}]}<\/script>\n<!-- \/ Yoast SEO plugin. -->","yoast_head_json":{"title":"\u683c\u62c9\u74e6\u00b7\u5965\u591a\u8d3e\u514b - brkljaca.hr","robots":{"index":"index","follow":"follow","max-snippet":"max-snippet:-1","max-image-preview":"max-image-preview:large","max-video-preview":"max-video-preview:-1"},"canonical":"https:\/\/brkljaca.hr\/zh\/product\/\u4e73\u5934\/","og_locale":"zh_CN","og_type":"article","og_title":"Glava odojak - brkljaca.hr","og_description":"Glava od odojka nudi bogat i autenti\u010dan okus koji \u0107e zadovoljiti i najzahtjevnija nepca. U\u017eivajte u svakom zalogaju ove jedinstvene poslastice.","og_url":"https:\/\/brkljaca.hr\/zh\/product\/\u4e73\u5934\/","og_site_name":"brkljaca.hr","article_modified_time":"2024-07-15T00:03:41+00:00","og_image":[{"width":1000,"height":1000,"url":"https:\/\/brkljaca.hr\/wp-content\/uploads\/2024\/06\/glava-odojak-1.webp","type":"image\/webp"}],"twitter_card":"summary_large_image","twitter_misc":{"\u9884\u8ba1\u9605\u8bfb\u65f6\u95f4":"1 \u5206"},"schema":{"@context":"https:\/\/schema.org","@graph":[{"@type":"WebPage","@id":"https:\/\/brkljaca.hr\/proizvod\/glava-odojak\/","url":"https:\/\/brkljaca.hr\/proizvod\/glava-odojak\/","name":"\u683c\u62c9\u74e6\u00b7\u5965\u591a\u8d3e\u514b - brkljaca.hr","isPartOf":{"@id":"https:\/\/brkljaca.hr\/#website"},"primaryImageOfPage":{"@id":"https:\/\/brkljaca.hr\/proizvod\/glava-odojak\/#primaryimage"},"image":{"@id":"https:\/\/brkljaca.hr\/proizvod\/glava-odojak\/#primaryimage"},"thumbnailUrl":"https:\/\/brkljaca.hr\/wp-content\/uploads\/2024\/06\/glava-odojak-1.webp","datePublished":"2024-06-11T17:53:15+00:00","dateModified":"2024-07-15T00:03:41+00:00","breadcrumb":{"@id":"https:\/\/brkljaca.hr\/proizvod\/glava-odojak\/#breadcrumb"},"inLanguage":"zh-Hans","potentialAction":[{"@type":"ReadAction","target":["https:\/\/brkljaca.hr\/proizvod\/glava-odojak\/"]}]},{"@type":"ImageObject","inLanguage":"zh-Hans","@id":"https:\/\/brkljaca.hr\/proizvod\/glava-odojak\/#primaryimage","url":"https:\/\/brkljaca.hr\/wp-content\/uploads\/2024\/06\/glava-odojak-1.webp","contentUrl":"https:\/\/brkljaca.hr\/wp-content\/uploads\/2024\/06\/glava-odojak-1.webp","width":1000,"height":1000},{"@type":"BreadcrumbList","@id":"https:\/\/brkljaca.hr\/proizvod\/glava-odojak\/#breadcrumb","itemListElement":[{"@type":"ListItem","position":1,"name":"Po\u010detna stranica","item":"https:\/\/brkljaca.hr\/"},{"@type":"ListItem","position":2,"name":"Katalog","item":"https:\/\/brkljaca.hr\/katalog\/"},{"@type":"ListItem","position":3,"name":"Glava odojak"}]},{"@type":"WebSite","@id":"https:\/\/brkljaca.hr\/#website","url":"https:\/\/brkljaca.hr\/","name":"brkljaca.hr","description":"","publisher":{"@id":"https:\/\/brkljaca.hr\/#organization"},"potentialAction":[{"@type":"SearchAction","target":{"@type":"EntryPoint","urlTemplate":"https:\/\/brkljaca.hr\/?s={search_term_string}"},"query-input":{"@type":"PropertyValueSpecification","valueRequired":true,"valueName":"search_term_string"}}],"inLanguage":"zh-Hans"},{"@type":"Organization","@id":"https:\/\/brkljaca.hr\/#organization","name":"brkljaca.hr","url":"https:\/\/brkljaca.hr\/","logo":{"@type":"ImageObject","inLanguage":"zh-Hans","@id":"https:\/\/brkljaca.hr\/#\/schema\/logo\/image\/","url":"https:\/\/brkljaca.hr\/wp-content\/uploads\/2024\/05\/PECENJARNICA-BRKLJACA-logo.png","contentUrl":"https:\/\/brkljaca.hr\/wp-content\/uploads\/2024\/05\/PECENJARNICA-BRKLJACA-logo.png","width":450,"height":200,"caption":"brkljaca.hr"},"image":{"@id":"https:\/\/brkljaca.hr\/#\/schema\/logo\/image\/"}}]}},"_links":{"self":[{"href":"https:\/\/brkljaca.hr\/zh\/wp-json\/wp\/v2\/product\/1161","targetHints":{"allow":["GET"]}}],"collection":[{"href":"https:\/\/brkljaca.hr\/zh\/wp-json\/wp\/v2\/product"}],"about":[{"href":"https:\/\/brkljaca.hr\/zh\/wp-json\/wp\/v2\/types\/product"}],"wp:featuredmedia":[{"embeddable":true,"href":"https:\/\/brkljaca.hr\/zh\/wp-json\/wp\/v2\/media\/1206"}],"wp:attachment":[{"href":"https:\/\/brkljaca.hr\/zh\/wp-json\/wp\/v2\/media?parent=1161"}],"wp:term":[{"taxonomy":"product_brand","embeddable":true,"href":"https:\/\/brkljaca.hr\/zh\/wp-json\/wp\/v2\/product_brand?post=1161"},{"taxonomy":"product_cat","embeddable":true,"href":"https:\/\/brkljaca.hr\/zh\/wp-json\/wp\/v2\/product_cat?post=1161"},{"taxonomy":"product_tag","embeddable":true,"href":"https:\/\/brkljaca.hr\/zh\/wp-json\/wp\/v2\/product_tag?post=1161"}],"curies":[{"name":"wp","href":"https:\/\/api.w.org\/{rel}","templated":true}]}}