{"id":1015,"date":"2024-06-08T18:37:12","date_gmt":"2024-06-08T16:37:12","guid":{"rendered":"https:\/\/brkljaca.hr\/?post_type=product&#038;p=1015"},"modified":"2025-06-05T12:30:18","modified_gmt":"2025-06-05T10:30:18","slug":"peceni-odojak-cijeli","status":"publish","type":"product","link":"https:\/\/brkljaca.hr\/zh\/product\/\u70e4\u5168\u80f8\u8089\/","title":{"rendered":"\u70e4\u80f8\u8089 - \u6574\u4e2a"},"content":{"rendered":"","protected":false},"excerpt":{"rendered":"<p>\u6211\u4eec\u7684\u70e4\u80f8\u8089\u662f\u6240\u6709\u559c\u6b22\u591a\u6c41\u9999\u8106\u732a\u8089\u7684\u4eba\u7684\u5b8c\u7f8e\u9009\u62e9\u3002\u7cbe\u5fc3\u51c6\u5907\u7684\u9e21\u80f8\u8089\u70f9\u5236\u5f97\u6070\u5230\u597d\u5904\uff0c\u6bcf\u4e00\u53e3\u90fd\u662f\u4e00\u6b21\u7f8e\u5473\u7684\u4f53\u9a8c\u3002\u6211\u4eec\u6839\u636e\u60a8\u7684\u610f\u613f\u63d0\u4f9b\u6574\u80f8\u8089\u6216\u4efd\u91cf\uff0c\u975e\u5e38\u9002\u5408\u5bb6\u5ead\u805a\u9910\u548c\u7279\u6b8a\u573a\u5408\u3002\u4eab\u53d7\u6211\u4eec\u70e4\u80f8\u8089\u7684\u9876\u7ea7\u54c1\u8d28\u548c\u4f20\u7edf\u53e3\u5473\u3002<\/p>","protected":false},"featured_media":713,"template":"","meta":{"site-sidebar-layout":"default","site-content-layout":"","ast-site-content-layout":"default","site-content-style":"default","site-sidebar-style":"default","ast-global-header-display":"","ast-banner-title-visibility":"","ast-main-header-display":"","ast-hfb-above-header-display":"","ast-hfb-below-header-display":"","ast-hfb-mobile-header-display":"","site-post-title":"","ast-breadcrumbs-content":"","ast-featured-img":"","footer-sml-layout":"","ast-disable-related-posts":"","theme-transparent-header-meta":"default","adv-header-id-meta":"","stick-header-meta":"default","header-above-stick-meta":"","header-main-stick-meta":"","header-below-stick-meta":"","astra-migrate-meta-layouts":"set","ast-page-background-enabled":"default","ast-page-background-meta":{"desktop":{"background-color":"var(--ast-global-color-4)","background-image":"","background-repeat":"repeat","background-position":"center center","background-size":"auto","background-attachment":"scroll","background-type":"","background-media":"","overlay-type":"","overlay-color":"","overlay-opacity":"","overlay-gradient":""},"tablet":{"background-color":"","background-image":"","background-repeat":"repeat","background-position":"center center","background-size":"auto","background-attachment":"scroll","background-type":"","background-media":"","overlay-type":"","overlay-color":"","overlay-opacity":"","overlay-gradient":""},"mobile":{"background-color":"","background-image":"","background-repeat":"repeat","background-position":"center center","background-size":"auto","background-attachment":"scroll","background-type":"","background-media":"","overlay-type":"","overlay-color":"","overlay-opacity":"","overlay-gradient":""}},"ast-content-background-meta":{"desktop":{"background-color":"var(--ast-global-color-5)","background-image":"","background-repeat":"repeat","background-position":"center center","background-size":"auto","background-attachment":"scroll","background-type":"","background-media":"","overlay-type":"","overlay-color":"","overlay-opacity":"","overlay-gradient":""},"tablet":{"background-color":"var(--ast-global-color-5)","background-image":"","background-repeat":"repeat","background-position":"center center","background-size":"auto","background-attachment":"scroll","background-type":"","background-media":"","overlay-type":"","overlay-color":"","overlay-opacity":"","overlay-gradient":""},"mobile":{"background-color":"var(--ast-global-color-5)","background-image":"","background-repeat":"repeat","background-position":"center center","background-size":"auto","background-attachment":"scroll","background-type":"","background-media":"","overlay-type":"","overlay-color":"","overlay-opacity":"","overlay-gradient":""}}},"product_brand":[],"product_cat":[34],"product_tag":[],"class_list":{"0":"post-1015","1":"product","2":"type-product","3":"status-publish","4":"has-post-thumbnail","6":"product_cat-brkljaca","7":"desktop-align-left","8":"tablet-align-left","9":"mobile-align-left","10":"ast-product-gallery-layout-horizontal-slider","12":"first","13":"outofstock","14":"shipping-taxable","15":"purchasable","16":"product-type-simple"},"yoast_head":"<!-- This site is optimized with the Yoast SEO plugin v27.4 - https:\/\/yoast.com\/product\/yoast-seo-wordpress\/ -->\n<title>Pe\u010deni odojak - cijeli - brkljaca.hr<\/title>\n<meta name=\"robots\" content=\"index, follow, max-snippet:-1, max-image-preview:large, max-video-preview:-1\" \/>\n<link rel=\"canonical\" href=\"https:\/\/brkljaca.hr\/zh\/product\/\u70e4\u5168\u80f8\u8089\/\" \/>\n<meta property=\"og:locale\" content=\"zh_CN\" \/>\n<meta property=\"og:type\" content=\"article\" \/>\n<meta property=\"og:title\" content=\"Pe\u010deni odojak - cijeli - brkljaca.hr\" \/>\n<meta property=\"og:description\" content=\"Na\u0161 pe\u010deni odojak savr\u0161en je izbor za sve ljubitelje so\u010dne i hrskave svinjetine. Pripremljen s pa\u017enjom, odojak je pe\u010den do savr\u0161enstva kako bi svaki zalogaj bio ukusno iskustvo. Nudimo cijele odojke ili porcije po va\u0161oj \u017eelji, idealne za obiteljske obroke i posebne prigode. U\u017eivajte u vrhunskoj kvaliteti i tradicionalnom okusu na\u0161eg pe\u010denog odojka.\" \/>\n<meta property=\"og:url\" content=\"https:\/\/brkljaca.hr\/zh\/product\/\u70e4\u5168\u80f8\u8089\/\" \/>\n<meta property=\"og:site_name\" content=\"brkljaca.hr\" \/>\n<meta property=\"article:modified_time\" content=\"2025-06-05T10:30:18+00:00\" \/>\n<meta property=\"og:image\" content=\"https:\/\/brkljaca.hr\/wp-content\/uploads\/2024\/05\/peceni-odojak-na-raznju-1.webp\" \/>\n\t<meta property=\"og:image:width\" content=\"458\" \/>\n\t<meta property=\"og:image:height\" content=\"458\" \/>\n\t<meta property=\"og:image:type\" content=\"image\/webp\" \/>\n<meta name=\"twitter:card\" content=\"summary_large_image\" \/>\n<meta name=\"twitter:label1\" content=\"\u9884\u8ba1\u9605\u8bfb\u65f6\u95f4\" \/>\n\t<meta name=\"twitter:data1\" content=\"1 \u5206\" \/>\n<script type=\"application\/ld+json\" class=\"yoast-schema-graph\">{\"@context\":\"https:\\\/\\\/schema.org\",\"@graph\":[{\"@type\":\"WebPage\",\"@id\":\"https:\\\/\\\/brkljaca.hr\\\/proizvod\\\/peceni-odojak-cijeli\\\/\",\"url\":\"https:\\\/\\\/brkljaca.hr\\\/proizvod\\\/peceni-odojak-cijeli\\\/\",\"name\":\"Pe\u010deni odojak - cijeli - brkljaca.hr\",\"isPartOf\":{\"@id\":\"https:\\\/\\\/brkljaca.hr\\\/#website\"},\"primaryImageOfPage\":{\"@id\":\"https:\\\/\\\/brkljaca.hr\\\/proizvod\\\/peceni-odojak-cijeli\\\/#primaryimage\"},\"image\":{\"@id\":\"https:\\\/\\\/brkljaca.hr\\\/proizvod\\\/peceni-odojak-cijeli\\\/#primaryimage\"},\"thumbnailUrl\":\"https:\\\/\\\/brkljaca.hr\\\/wp-content\\\/uploads\\\/2024\\\/05\\\/peceni-odojak-na-raznju-1.webp\",\"datePublished\":\"2024-06-08T16:37:12+00:00\",\"dateModified\":\"2025-06-05T10:30:18+00:00\",\"breadcrumb\":{\"@id\":\"https:\\\/\\\/brkljaca.hr\\\/proizvod\\\/peceni-odojak-cijeli\\\/#breadcrumb\"},\"inLanguage\":\"zh-Hans\",\"potentialAction\":[{\"@type\":\"ReadAction\",\"target\":[\"https:\\\/\\\/brkljaca.hr\\\/proizvod\\\/peceni-odojak-cijeli\\\/\"]}]},{\"@type\":\"ImageObject\",\"inLanguage\":\"zh-Hans\",\"@id\":\"https:\\\/\\\/brkljaca.hr\\\/proizvod\\\/peceni-odojak-cijeli\\\/#primaryimage\",\"url\":\"https:\\\/\\\/brkljaca.hr\\\/wp-content\\\/uploads\\\/2024\\\/05\\\/peceni-odojak-na-raznju-1.webp\",\"contentUrl\":\"https:\\\/\\\/brkljaca.hr\\\/wp-content\\\/uploads\\\/2024\\\/05\\\/peceni-odojak-na-raznju-1.webp\",\"width\":458,\"height\":458},{\"@type\":\"BreadcrumbList\",\"@id\":\"https:\\\/\\\/brkljaca.hr\\\/proizvod\\\/peceni-odojak-cijeli\\\/#breadcrumb\",\"itemListElement\":[{\"@type\":\"ListItem\",\"position\":1,\"name\":\"Po\u010detna stranica\",\"item\":\"https:\\\/\\\/brkljaca.hr\\\/\"},{\"@type\":\"ListItem\",\"position\":2,\"name\":\"Katalog\",\"item\":\"https:\\\/\\\/brkljaca.hr\\\/katalog\\\/\"},{\"@type\":\"ListItem\",\"position\":3,\"name\":\"Pe\u010deni odojak &#8211; cijeli\"}]},{\"@type\":\"WebSite\",\"@id\":\"https:\\\/\\\/brkljaca.hr\\\/#website\",\"url\":\"https:\\\/\\\/brkljaca.hr\\\/\",\"name\":\"brkljaca.hr\",\"description\":\"\",\"publisher\":{\"@id\":\"https:\\\/\\\/brkljaca.hr\\\/#organization\"},\"potentialAction\":[{\"@type\":\"SearchAction\",\"target\":{\"@type\":\"EntryPoint\",\"urlTemplate\":\"https:\\\/\\\/brkljaca.hr\\\/?s={search_term_string}\"},\"query-input\":{\"@type\":\"PropertyValueSpecification\",\"valueRequired\":true,\"valueName\":\"search_term_string\"}}],\"inLanguage\":\"zh-Hans\"},{\"@type\":\"Organization\",\"@id\":\"https:\\\/\\\/brkljaca.hr\\\/#organization\",\"name\":\"brkljaca.hr\",\"url\":\"https:\\\/\\\/brkljaca.hr\\\/\",\"logo\":{\"@type\":\"ImageObject\",\"inLanguage\":\"zh-Hans\",\"@id\":\"https:\\\/\\\/brkljaca.hr\\\/#\\\/schema\\\/logo\\\/image\\\/\",\"url\":\"https:\\\/\\\/brkljaca.hr\\\/wp-content\\\/uploads\\\/2024\\\/05\\\/PECENJARNICA-BRKLJACA-logo.png\",\"contentUrl\":\"https:\\\/\\\/brkljaca.hr\\\/wp-content\\\/uploads\\\/2024\\\/05\\\/PECENJARNICA-BRKLJACA-logo.png\",\"width\":450,\"height\":200,\"caption\":\"brkljaca.hr\"},\"image\":{\"@id\":\"https:\\\/\\\/brkljaca.hr\\\/#\\\/schema\\\/logo\\\/image\\\/\"}}]}<\/script>\n<!-- \/ Yoast SEO plugin. -->","yoast_head_json":{"title":"\u70e4\u6bcd\u4e73 - \u5168\u8102 - brkljaca.hr","robots":{"index":"index","follow":"follow","max-snippet":"max-snippet:-1","max-image-preview":"max-image-preview:large","max-video-preview":"max-video-preview:-1"},"canonical":"https:\/\/brkljaca.hr\/zh\/product\/\u70e4\u5168\u80f8\u8089\/","og_locale":"zh_CN","og_type":"article","og_title":"Pe\u010deni odojak - cijeli - brkljaca.hr","og_description":"Na\u0161 pe\u010deni odojak savr\u0161en je izbor za sve ljubitelje so\u010dne i hrskave svinjetine. Pripremljen s pa\u017enjom, odojak je pe\u010den do savr\u0161enstva kako bi svaki zalogaj bio ukusno iskustvo. Nudimo cijele odojke ili porcije po va\u0161oj \u017eelji, idealne za obiteljske obroke i posebne prigode. U\u017eivajte u vrhunskoj kvaliteti i tradicionalnom okusu na\u0161eg pe\u010denog odojka.","og_url":"https:\/\/brkljaca.hr\/zh\/product\/\u70e4\u5168\u80f8\u8089\/","og_site_name":"brkljaca.hr","article_modified_time":"2025-06-05T10:30:18+00:00","og_image":[{"width":458,"height":458,"url":"https:\/\/brkljaca.hr\/wp-content\/uploads\/2024\/05\/peceni-odojak-na-raznju-1.webp","type":"image\/webp"}],"twitter_card":"summary_large_image","twitter_misc":{"\u9884\u8ba1\u9605\u8bfb\u65f6\u95f4":"1 \u5206"},"schema":{"@context":"https:\/\/schema.org","@graph":[{"@type":"WebPage","@id":"https:\/\/brkljaca.hr\/proizvod\/peceni-odojak-cijeli\/","url":"https:\/\/brkljaca.hr\/proizvod\/peceni-odojak-cijeli\/","name":"\u70e4\u6bcd\u4e73 - \u5168\u8102 - brkljaca.hr","isPartOf":{"@id":"https:\/\/brkljaca.hr\/#website"},"primaryImageOfPage":{"@id":"https:\/\/brkljaca.hr\/proizvod\/peceni-odojak-cijeli\/#primaryimage"},"image":{"@id":"https:\/\/brkljaca.hr\/proizvod\/peceni-odojak-cijeli\/#primaryimage"},"thumbnailUrl":"https:\/\/brkljaca.hr\/wp-content\/uploads\/2024\/05\/peceni-odojak-na-raznju-1.webp","datePublished":"2024-06-08T16:37:12+00:00","dateModified":"2025-06-05T10:30:18+00:00","breadcrumb":{"@id":"https:\/\/brkljaca.hr\/proizvod\/peceni-odojak-cijeli\/#breadcrumb"},"inLanguage":"zh-Hans","potentialAction":[{"@type":"ReadAction","target":["https:\/\/brkljaca.hr\/proizvod\/peceni-odojak-cijeli\/"]}]},{"@type":"ImageObject","inLanguage":"zh-Hans","@id":"https:\/\/brkljaca.hr\/proizvod\/peceni-odojak-cijeli\/#primaryimage","url":"https:\/\/brkljaca.hr\/wp-content\/uploads\/2024\/05\/peceni-odojak-na-raznju-1.webp","contentUrl":"https:\/\/brkljaca.hr\/wp-content\/uploads\/2024\/05\/peceni-odojak-na-raznju-1.webp","width":458,"height":458},{"@type":"BreadcrumbList","@id":"https:\/\/brkljaca.hr\/proizvod\/peceni-odojak-cijeli\/#breadcrumb","itemListElement":[{"@type":"ListItem","position":1,"name":"Po\u010detna stranica","item":"https:\/\/brkljaca.hr\/"},{"@type":"ListItem","position":2,"name":"Katalog","item":"https:\/\/brkljaca.hr\/katalog\/"},{"@type":"ListItem","position":3,"name":"Pe\u010deni odojak &#8211; cijeli"}]},{"@type":"WebSite","@id":"https:\/\/brkljaca.hr\/#website","url":"https:\/\/brkljaca.hr\/","name":"brkljaca.hr","description":"","publisher":{"@id":"https:\/\/brkljaca.hr\/#organization"},"potentialAction":[{"@type":"SearchAction","target":{"@type":"EntryPoint","urlTemplate":"https:\/\/brkljaca.hr\/?s={search_term_string}"},"query-input":{"@type":"PropertyValueSpecification","valueRequired":true,"valueName":"search_term_string"}}],"inLanguage":"zh-Hans"},{"@type":"Organization","@id":"https:\/\/brkljaca.hr\/#organization","name":"brkljaca.hr","url":"https:\/\/brkljaca.hr\/","logo":{"@type":"ImageObject","inLanguage":"zh-Hans","@id":"https:\/\/brkljaca.hr\/#\/schema\/logo\/image\/","url":"https:\/\/brkljaca.hr\/wp-content\/uploads\/2024\/05\/PECENJARNICA-BRKLJACA-logo.png","contentUrl":"https:\/\/brkljaca.hr\/wp-content\/uploads\/2024\/05\/PECENJARNICA-BRKLJACA-logo.png","width":450,"height":200,"caption":"brkljaca.hr"},"image":{"@id":"https:\/\/brkljaca.hr\/#\/schema\/logo\/image\/"}}]}},"_links":{"self":[{"href":"https:\/\/brkljaca.hr\/zh\/wp-json\/wp\/v2\/product\/1015","targetHints":{"allow":["GET"]}}],"collection":[{"href":"https:\/\/brkljaca.hr\/zh\/wp-json\/wp\/v2\/product"}],"about":[{"href":"https:\/\/brkljaca.hr\/zh\/wp-json\/wp\/v2\/types\/product"}],"wp:featuredmedia":[{"embeddable":true,"href":"https:\/\/brkljaca.hr\/zh\/wp-json\/wp\/v2\/media\/713"}],"wp:attachment":[{"href":"https:\/\/brkljaca.hr\/zh\/wp-json\/wp\/v2\/media?parent=1015"}],"wp:term":[{"taxonomy":"product_brand","embeddable":true,"href":"https:\/\/brkljaca.hr\/zh\/wp-json\/wp\/v2\/product_brand?post=1015"},{"taxonomy":"product_cat","embeddable":true,"href":"https:\/\/brkljaca.hr\/zh\/wp-json\/wp\/v2\/product_cat?post=1015"},{"taxonomy":"product_tag","embeddable":true,"href":"https:\/\/brkljaca.hr\/zh\/wp-json\/wp\/v2\/product_tag?post=1015"}],"curies":[{"name":"wp","href":"https:\/\/api.w.org\/{rel}","templated":true}]}}