{"id":1136,"date":"2024-06-09T01:55:48","date_gmt":"2024-06-08T23:55:48","guid":{"rendered":"https:\/\/brkljaca.hr\/?page_id=1136"},"modified":"2024-06-09T02:01:30","modified_gmt":"2024-06-09T00:01:30","slug":"poslovni-podaci","status":"publish","type":"page","link":"https:\/\/brkljaca.hr\/zh\/\u4e1a\u52a1\u6570\u636e\/","title":{"rendered":"\u4e1a\u52a1\u6570\u636e"},"content":{"rendered":"<p>\u6240\u6709\u8005<\/p>\n\n\n\n<figure class=\"wp-block-table\"><table><tbody><tr><td>\u59d3\u6c0f\u548c\u59d3\u540d\uff1a<\/td><td colspan=\"3\">VRKLJA\u010cA JADRANKA<\/td><\/tr><tr><td>\u5965\u5e03\uff1a<\/td><td colspan=\"3\">75047412072<\/td><\/tr><\/tbody><\/table><\/figure>\n\n\n\n<p>\u8d38\u6613-\u603b\u90e8<\/p>\n\n\n\n<figure class=\"wp-block-table\"><table><tbody><tr><td>\u8d38\u6613\u540d\u79f0\uff1a<\/td><td colspan=\"3\">BRKLJA\u010cA\uff0c\u8d38\u6613\u516c\u53f8\uff0c\u6240\u6709\u8005 Jadranka Brklja\u010da\uff0c\u624e\u8fbe\u5c14\uff0cUlica 4.gardijske brigade 30<\/td><\/tr><tr><td>\u8d38\u6613\u7c7b\u578b\uff1a<\/td><td>\u975e\u7279\u6743\u8d38\u6613<\/td><td>\u6267\u884c\uff1a<\/td><td>\u5168\u5e74<\/td><\/tr><tr><td>\u8d38\u6613\u72b6\u51b5\uff1a<\/td><td>\u8fd0\u884c\u4e2d<\/td><td>\u58a8\u76d2\u6ce8\u518c\u53f7\uff1a<\/td><td>3955<\/td><\/tr><tr><td>\u7ba1\u7406\u5c42\u6536\u8d2d\uff1a<\/td><td>91402867<\/td><td>\u516c\u53f8\u7f16\u53f7\uff1a<\/td><td>13010003955<\/td><\/tr><tr><td>\u884c\u653f\u673a\u6784\uff1a<\/td><td colspan=\"3\">\u624e\u8fbe\u5c14\u7ecf\u6d4e\u548c\u65c5\u6e38\u884c\u653f\u90e8 (ZADAR)<\/td><\/tr><tr><td>\u4ea4\u6613\u5f00\u59cb\uff1a<\/td><td>31.03.2000<\/td><td>\u7ec8\u6b62\u8d38\u6613\uff1a<\/td><td>&#8211;<\/td><\/tr><tr><td colspan=\"4\"><\/td><\/tr><tr><td>\u8857\u9053\uff1a<\/td><td colspan=\"3\">\u7b2c4\u8fd1\u536b\u65c530<\/td><\/tr><tr><td>\u6c89\u964d\uff1a<\/td><td colspan=\"3\">\u624e\u8fbe\u5c14<\/td><\/tr><tr><td>\u76f4\u8f96\u5e02\/\u57ce\u5e02\uff1a<\/td><td colspan=\"3\">\u624e\u8fbe\u5c14<\/td><\/tr><tr><td>\u53bf\uff1a<\/td><td colspan=\"3\">\u624e\u8fbe\u5c14\u53bf<\/td><\/tr><\/tbody><\/table><\/figure>","protected":false},"excerpt":{"rendered":"<p>\u6240\u6709\u8005\u59d3\u540d\uff1aBRKLJA\u010cA JADRANKA OIB\uff1a75047412072 \u8d38\u6613 - \u603b\u90e8 \u8d38\u6613\u540d\u79f0\uff1aBRKLJA\u010cA, obrt za trgovinje, vl. Jadranka Brklja\u010da, Zadar, Ulica 4. gardijske brigade 30 \u8d38\u6613\u7c7b\u578b\uff1a\u975e\u7279\u6743\u8d38\u6613 \u6267\u884c\uff1a\u5168\u5e74 \u56fd\u5bb6\u884c\u4e1a\uff1a \u8fd0\u8425\u4e2d \u6ce8\u518c\u53f7\uff1a 3955 MBO\uff1a 91402867 \u8d38\u6613\u53f7\uff1a 13010003955 \u7ba1\u7406\u673a\u6784\uff1a \u624e\u8fbe\u5c14\u7ecf\u6d4e\u548c\u65c5\u6e38\u884c\u653f\u90e8\u95e8 [...]<\/p>","protected":false},"author":1,"featured_media":0,"parent":0,"menu_order":0,"comment_status":"closed","ping_status":"closed","template":"","meta":{"site-sidebar-layout":"default","site-content-layout":"","ast-site-content-layout":"default","site-content-style":"default","site-sidebar-style":"default","ast-global-header-display":"","ast-banner-title-visibility":"","ast-main-header-display":"","ast-hfb-above-header-display":"","ast-hfb-below-header-display":"","ast-hfb-mobile-header-display":"","site-post-title":"","ast-breadcrumbs-content":"","ast-featured-img":"","footer-sml-layout":"","ast-disable-related-posts":"","theme-transparent-header-meta":"","adv-header-id-meta":"","stick-header-meta":"","header-above-stick-meta":"","header-main-stick-meta":"","header-below-stick-meta":"","astra-migrate-meta-layouts":"default","ast-page-background-enabled":"default","ast-page-background-meta":{"desktop":{"background-color":"var(--ast-global-color-4)","background-image":"","background-repeat":"repeat","background-position":"center center","background-size":"auto","background-attachment":"scroll","background-type":"","background-media":"","overlay-type":"","overlay-color":"","overlay-opacity":"","overlay-gradient":""},"tablet":{"background-color":"","background-image":"","background-repeat":"repeat","background-position":"center center","background-size":"auto","background-attachment":"scroll","background-type":"","background-media":"","overlay-type":"","overlay-color":"","overlay-opacity":"","overlay-gradient":""},"mobile":{"background-color":"","background-image":"","background-repeat":"repeat","background-position":"center center","background-size":"auto","background-attachment":"scroll","background-type":"","background-media":"","overlay-type":"","overlay-color":"","overlay-opacity":"","overlay-gradient":""}},"ast-content-background-meta":{"desktop":{"background-color":"var(--ast-global-color-5)","background-image":"","background-repeat":"repeat","background-position":"center center","background-size":"auto","background-attachment":"scroll","background-type":"","background-media":"","overlay-type":"","overlay-color":"","overlay-opacity":"","overlay-gradient":""},"tablet":{"background-color":"var(--ast-global-color-5)","background-image":"","background-repeat":"repeat","background-position":"center center","background-size":"auto","background-attachment":"scroll","background-type":"","background-media":"","overlay-type":"","overlay-color":"","overlay-opacity":"","overlay-gradient":""},"mobile":{"background-color":"var(--ast-global-color-5)","background-image":"","background-repeat":"repeat","background-position":"center center","background-size":"auto","background-attachment":"scroll","background-type":"","background-media":"","overlay-type":"","overlay-color":"","overlay-opacity":"","overlay-gradient":""}},"footnotes":""},"class_list":["post-1136","page","type-page","status-publish","hentry"],"yoast_head":"<!-- This site is optimized with the Yoast SEO plugin v27.4 - https:\/\/yoast.com\/product\/yoast-seo-wordpress\/ -->\n<title>Poslovni podaci - brkljaca.hr<\/title>\n<meta name=\"robots\" content=\"noindex, follow\" \/>\n<meta property=\"og:locale\" content=\"zh_CN\" \/>\n<meta property=\"og:type\" content=\"article\" \/>\n<meta property=\"og:title\" content=\"Poslovni podaci - brkljaca.hr\" \/>\n<meta property=\"og:description\" content=\"vlasnik Prezime i ime: BRKLJA\u010cA JADRANKA OIB: 75047412072 obrt &#8211; sjedi\u0161te Naziv obrta: BRKLJA\u010cA,obrt za trgovinu, vl. Jadranka Brklja\u010da, Zadar, Ulica 4. gardijske brigade 30 Vrsta obrta: Nepovla\u0161teni obrt Obavljanje: Tokom cijele godine Stanje obrta: U radu Broj reg. ulo\u0161ka: 3955 MBO: 91402867 Broj obrtnice: 13010003955 Upravno tijelo: UPRAVNI ODJEL ZA GOSPODARSTVO I TURIZAM ZADAR [&hellip;]\" \/>\n<meta property=\"og:url\" content=\"https:\/\/brkljaca.hr\/zh\/\u4e1a\u52a1\u6570\u636e\/\" \/>\n<meta property=\"og:site_name\" content=\"brkljaca.hr\" \/>\n<meta property=\"article:modified_time\" content=\"2024-06-09T00:01:30+00:00\" \/>\n<meta name=\"twitter:card\" content=\"summary_large_image\" \/>\n<meta name=\"twitter:label1\" content=\"\u9884\u8ba1\u9605\u8bfb\u65f6\u95f4\" \/>\n\t<meta name=\"twitter:data1\" content=\"1 \u5206\" \/>\n<script type=\"application\/ld+json\" class=\"yoast-schema-graph\">{\"@context\":\"https:\\\/\\\/schema.org\",\"@graph\":[{\"@type\":\"WebPage\",\"@id\":\"https:\\\/\\\/brkljaca.hr\\\/poslovni-podaci\\\/\",\"url\":\"https:\\\/\\\/brkljaca.hr\\\/poslovni-podaci\\\/\",\"name\":\"Poslovni podaci - brkljaca.hr\",\"isPartOf\":{\"@id\":\"https:\\\/\\\/brkljaca.hr\\\/#website\"},\"datePublished\":\"2024-06-08T23:55:48+00:00\",\"dateModified\":\"2024-06-09T00:01:30+00:00\",\"breadcrumb\":{\"@id\":\"https:\\\/\\\/brkljaca.hr\\\/poslovni-podaci\\\/#breadcrumb\"},\"inLanguage\":\"zh-Hans\",\"potentialAction\":[{\"@type\":\"ReadAction\",\"target\":[\"https:\\\/\\\/brkljaca.hr\\\/poslovni-podaci\\\/\"]}]},{\"@type\":\"BreadcrumbList\",\"@id\":\"https:\\\/\\\/brkljaca.hr\\\/poslovni-podaci\\\/#breadcrumb\",\"itemListElement\":[{\"@type\":\"ListItem\",\"position\":1,\"name\":\"Po\u010detna stranica\",\"item\":\"https:\\\/\\\/brkljaca.hr\\\/\"},{\"@type\":\"ListItem\",\"position\":2,\"name\":\"Poslovni podaci\"}]},{\"@type\":\"WebSite\",\"@id\":\"https:\\\/\\\/brkljaca.hr\\\/#website\",\"url\":\"https:\\\/\\\/brkljaca.hr\\\/\",\"name\":\"brkljaca.hr\",\"description\":\"\",\"publisher\":{\"@id\":\"https:\\\/\\\/brkljaca.hr\\\/#organization\"},\"potentialAction\":[{\"@type\":\"SearchAction\",\"target\":{\"@type\":\"EntryPoint\",\"urlTemplate\":\"https:\\\/\\\/brkljaca.hr\\\/?s={search_term_string}\"},\"query-input\":{\"@type\":\"PropertyValueSpecification\",\"valueRequired\":true,\"valueName\":\"search_term_string\"}}],\"inLanguage\":\"zh-Hans\"},{\"@type\":\"Organization\",\"@id\":\"https:\\\/\\\/brkljaca.hr\\\/#organization\",\"name\":\"brkljaca.hr\",\"url\":\"https:\\\/\\\/brkljaca.hr\\\/\",\"logo\":{\"@type\":\"ImageObject\",\"inLanguage\":\"zh-Hans\",\"@id\":\"https:\\\/\\\/brkljaca.hr\\\/#\\\/schema\\\/logo\\\/image\\\/\",\"url\":\"https:\\\/\\\/brkljaca.hr\\\/wp-content\\\/uploads\\\/2024\\\/05\\\/PECENJARNICA-BRKLJACA-logo.png\",\"contentUrl\":\"https:\\\/\\\/brkljaca.hr\\\/wp-content\\\/uploads\\\/2024\\\/05\\\/PECENJARNICA-BRKLJACA-logo.png\",\"width\":450,\"height\":200,\"caption\":\"brkljaca.hr\"},\"image\":{\"@id\":\"https:\\\/\\\/brkljaca.hr\\\/#\\\/schema\\\/logo\\\/image\\\/\"}}]}<\/script>\n<!-- \/ Yoast SEO plugin. -->","yoast_head_json":{"title":"\u5546\u4e1a\u6570\u636e - brkljaca.hr","robots":{"index":"noindex","follow":"follow"},"og_locale":"zh_CN","og_type":"article","og_title":"Poslovni podaci - brkljaca.hr","og_description":"vlasnik Prezime i ime: BRKLJA\u010cA JADRANKA OIB: 75047412072 obrt &#8211; sjedi\u0161te Naziv obrta: BRKLJA\u010cA,obrt za trgovinu, vl. Jadranka Brklja\u010da, Zadar, Ulica 4. gardijske brigade 30 Vrsta obrta: Nepovla\u0161teni obrt Obavljanje: Tokom cijele godine Stanje obrta: U radu Broj reg. ulo\u0161ka: 3955 MBO: 91402867 Broj obrtnice: 13010003955 Upravno tijelo: UPRAVNI ODJEL ZA GOSPODARSTVO I TURIZAM ZADAR [&hellip;]","og_url":"https:\/\/brkljaca.hr\/zh\/\u4e1a\u52a1\u6570\u636e\/","og_site_name":"brkljaca.hr","article_modified_time":"2024-06-09T00:01:30+00:00","twitter_card":"summary_large_image","twitter_misc":{"\u9884\u8ba1\u9605\u8bfb\u65f6\u95f4":"1 \u5206"},"schema":{"@context":"https:\/\/schema.org","@graph":[{"@type":"WebPage","@id":"https:\/\/brkljaca.hr\/poslovni-podaci\/","url":"https:\/\/brkljaca.hr\/poslovni-podaci\/","name":"\u5546\u4e1a\u6570\u636e - brkljaca.hr","isPartOf":{"@id":"https:\/\/brkljaca.hr\/#website"},"datePublished":"2024-06-08T23:55:48+00:00","dateModified":"2024-06-09T00:01:30+00:00","breadcrumb":{"@id":"https:\/\/brkljaca.hr\/poslovni-podaci\/#breadcrumb"},"inLanguage":"zh-Hans","potentialAction":[{"@type":"ReadAction","target":["https:\/\/brkljaca.hr\/poslovni-podaci\/"]}]},{"@type":"BreadcrumbList","@id":"https:\/\/brkljaca.hr\/poslovni-podaci\/#breadcrumb","itemListElement":[{"@type":"ListItem","position":1,"name":"Po\u010detna stranica","item":"https:\/\/brkljaca.hr\/"},{"@type":"ListItem","position":2,"name":"Poslovni podaci"}]},{"@type":"WebSite","@id":"https:\/\/brkljaca.hr\/#website","url":"https:\/\/brkljaca.hr\/","name":"brkljaca.hr","description":"","publisher":{"@id":"https:\/\/brkljaca.hr\/#organization"},"potentialAction":[{"@type":"SearchAction","target":{"@type":"EntryPoint","urlTemplate":"https:\/\/brkljaca.hr\/?s={search_term_string}"},"query-input":{"@type":"PropertyValueSpecification","valueRequired":true,"valueName":"search_term_string"}}],"inLanguage":"zh-Hans"},{"@type":"Organization","@id":"https:\/\/brkljaca.hr\/#organization","name":"brkljaca.hr","url":"https:\/\/brkljaca.hr\/","logo":{"@type":"ImageObject","inLanguage":"zh-Hans","@id":"https:\/\/brkljaca.hr\/#\/schema\/logo\/image\/","url":"https:\/\/brkljaca.hr\/wp-content\/uploads\/2024\/05\/PECENJARNICA-BRKLJACA-logo.png","contentUrl":"https:\/\/brkljaca.hr\/wp-content\/uploads\/2024\/05\/PECENJARNICA-BRKLJACA-logo.png","width":450,"height":200,"caption":"brkljaca.hr"},"image":{"@id":"https:\/\/brkljaca.hr\/#\/schema\/logo\/image\/"}}]}},"_links":{"self":[{"href":"https:\/\/brkljaca.hr\/zh\/wp-json\/wp\/v2\/pages\/1136","targetHints":{"allow":["GET"]}}],"collection":[{"href":"https:\/\/brkljaca.hr\/zh\/wp-json\/wp\/v2\/pages"}],"about":[{"href":"https:\/\/brkljaca.hr\/zh\/wp-json\/wp\/v2\/types\/page"}],"author":[{"embeddable":true,"href":"https:\/\/brkljaca.hr\/zh\/wp-json\/wp\/v2\/users\/1"}],"replies":[{"embeddable":true,"href":"https:\/\/brkljaca.hr\/zh\/wp-json\/wp\/v2\/comments?post=1136"}],"version-history":[{"count":1,"href":"https:\/\/brkljaca.hr\/zh\/wp-json\/wp\/v2\/pages\/1136\/revisions"}],"predecessor-version":[{"id":1137,"href":"https:\/\/brkljaca.hr\/zh\/wp-json\/wp\/v2\/pages\/1136\/revisions\/1137"}],"wp:attachment":[{"href":"https:\/\/brkljaca.hr\/zh\/wp-json\/wp\/v2\/media?parent=1136"}],"curies":[{"name":"wp","href":"https:\/\/api.w.org\/{rel}","templated":true}]}}