{"id":986,"date":"2024-06-08T17:44:59","date_gmt":"2024-06-08T15:44:59","guid":{"rendered":"https:\/\/brkljaca.hr\/?post_type=product&#038;p=986"},"modified":"2025-06-05T12:27:43","modified_gmt":"2025-06-05T10:27:43","slug":"pecena-janjetina-cijela","status":"publish","type":"product","link":"https:\/\/brkljaca.hr\/it\/prodotto\/agnello-arrosto-intero\/","title":{"rendered":"Agnello arrosto - intero"},"content":{"rendered":"<p>Il nostro agnello arrosto \u00e8 una specialit\u00e0 superba, preparata con cura per il gusto pi\u00f9 succoso. L&#039;agnello viene arrostito lentamente per mantenere la sua tenerezza e la ricchezza di sapore. Proponiamo agnelli interi o porzionati a piacere, ideali per pranzi in famiglia e occasioni festive. Godetevi la tradizione e la qualit\u00e0 del nostro agnello arrosto.<\/p>","protected":false},"excerpt":{"rendered":"<p>Il nostro agnello arrosto \u00e8 una specialit\u00e0 superba, preparata con cura per il gusto pi\u00f9 succoso. L&#039;agnello viene arrostito lentamente per mantenere la sua tenerezza e la ricchezza di sapore. Proponiamo agnelli interi o porzionati a piacere, ideali per pranzi in famiglia e occasioni festive. Godetevi la tradizione e la qualit\u00e0 del nostro agnello arrosto.<\/p>","protected":false},"featured_media":814,"template":"","meta":{"site-sidebar-layout":"default","site-content-layout":"","ast-site-content-layout":"default","site-content-style":"default","site-sidebar-style":"default","ast-global-header-display":"","ast-banner-title-visibility":"","ast-main-header-display":"","ast-hfb-above-header-display":"","ast-hfb-below-header-display":"","ast-hfb-mobile-header-display":"","site-post-title":"","ast-breadcrumbs-content":"","ast-featured-img":"","footer-sml-layout":"","theme-transparent-header-meta":"default","adv-header-id-meta":"","stick-header-meta":"default","header-above-stick-meta":"","header-main-stick-meta":"","header-below-stick-meta":"","astra-migrate-meta-layouts":"set","ast-page-background-enabled":"default","ast-page-background-meta":{"desktop":{"background-color":"var(--ast-global-color-4)","background-image":"","background-repeat":"repeat","background-position":"center center","background-size":"auto","background-attachment":"scroll","background-type":"","background-media":"","overlay-type":"","overlay-color":"","overlay-opacity":"","overlay-gradient":""},"tablet":{"background-color":"","background-image":"","background-repeat":"repeat","background-position":"center center","background-size":"auto","background-attachment":"scroll","background-type":"","background-media":"","overlay-type":"","overlay-color":"","overlay-opacity":"","overlay-gradient":""},"mobile":{"background-color":"","background-image":"","background-repeat":"repeat","background-position":"center center","background-size":"auto","background-attachment":"scroll","background-type":"","background-media":"","overlay-type":"","overlay-color":"","overlay-opacity":"","overlay-gradient":""}},"ast-content-background-meta":{"desktop":{"background-color":"var(--ast-global-color-5)","background-image":"","background-repeat":"repeat","background-position":"center center","background-size":"auto","background-attachment":"scroll","background-type":"","background-media":"","overlay-type":"","overlay-color":"","overlay-opacity":"","overlay-gradient":""},"tablet":{"background-color":"var(--ast-global-color-5)","background-image":"","background-repeat":"repeat","background-position":"center center","background-size":"auto","background-attachment":"scroll","background-type":"","background-media":"","overlay-type":"","overlay-color":"","overlay-opacity":"","overlay-gradient":""},"mobile":{"background-color":"var(--ast-global-color-5)","background-image":"","background-repeat":"repeat","background-position":"center center","background-size":"auto","background-attachment":"scroll","background-type":"","background-media":"","overlay-type":"","overlay-color":"","overlay-opacity":"","overlay-gradient":""}}},"product_brand":[],"product_cat":[34],"product_tag":[],"class_list":{"0":"post-986","1":"product","2":"type-product","3":"status-publish","4":"has-post-thumbnail","6":"product_cat-brkljaca","7":"desktop-align-left","8":"tablet-align-left","9":"mobile-align-left","10":"ast-product-gallery-layout-horizontal-slider","12":"first","13":"outofstock","14":"shipping-taxable","15":"purchasable","16":"product-type-simple"},"yoast_head":"<!-- This site is optimized with the Yoast SEO plugin v26.2 - https:\/\/yoast.com\/wordpress\/plugins\/seo\/ -->\n<title>Pe\u010dena janjetina - cijela - brkljaca.hr<\/title>\n<meta name=\"robots\" content=\"index, follow, max-snippet:-1, max-image-preview:large, max-video-preview:-1\" \/>\n<link rel=\"canonical\" href=\"https:\/\/brkljaca.hr\/it\/prodotto\/agnello-arrosto-intero\/\" \/>\n<meta property=\"og:locale\" content=\"it_IT\" \/>\n<meta property=\"og:type\" content=\"article\" \/>\n<meta property=\"og:title\" content=\"Pe\u010dena janjetina - cijela - brkljaca.hr\" \/>\n<meta property=\"og:description\" content=\"Na\u0161e pe\u010deno janje vrhunski je specijalitet, pripremljen s pa\u017enjom za najso\u010dniji okus. Janje je polako pe\u010deno kako bi zadr\u017ealo svoju nje\u017enost i bogatstvo okusa. Nudimo cijela janjad ili porcije po va\u0161oj \u017eelji, idealne za obiteljske ru\u010dkove i sve\u010dane prigode. U\u017eivajte u tradiciji i kvaliteti na\u0161eg pe\u010denog janjetine.\" \/>\n<meta property=\"og:url\" content=\"https:\/\/brkljaca.hr\/it\/prodotto\/agnello-arrosto-intero\/\" \/>\n<meta property=\"og:site_name\" content=\"brkljaca.hr\" \/>\n<meta property=\"article:modified_time\" content=\"2025-06-05T10:27:43+00:00\" \/>\n<meta property=\"og:image\" content=\"https:\/\/brkljaca.hr\/wp-content\/uploads\/2024\/05\/janjetina-2.webp\" \/>\n\t<meta property=\"og:image:width\" content=\"750\" \/>\n\t<meta property=\"og:image:height\" content=\"750\" \/>\n\t<meta property=\"og:image:type\" content=\"image\/webp\" \/>\n<meta name=\"twitter:card\" content=\"summary_large_image\" \/>\n<meta name=\"twitter:label1\" content=\"Tempo di lettura stimato\" \/>\n\t<meta name=\"twitter:data1\" content=\"1 minuto\" \/>\n<script type=\"application\/ld+json\" class=\"yoast-schema-graph\">{\"@context\":\"https:\/\/schema.org\",\"@graph\":[{\"@type\":\"WebPage\",\"@id\":\"https:\/\/brkljaca.hr\/proizvod\/pecena-janjetina-cijela\/\",\"url\":\"https:\/\/brkljaca.hr\/proizvod\/pecena-janjetina-cijela\/\",\"name\":\"Pe\u010dena janjetina - cijela - brkljaca.hr\",\"isPartOf\":{\"@id\":\"https:\/\/brkljaca.hr\/#website\"},\"primaryImageOfPage\":{\"@id\":\"https:\/\/brkljaca.hr\/proizvod\/pecena-janjetina-cijela\/#primaryimage\"},\"image\":{\"@id\":\"https:\/\/brkljaca.hr\/proizvod\/pecena-janjetina-cijela\/#primaryimage\"},\"thumbnailUrl\":\"https:\/\/brkljaca.hr\/wp-content\/uploads\/2024\/05\/janjetina-2.webp\",\"datePublished\":\"2024-06-08T15:44:59+00:00\",\"dateModified\":\"2025-06-05T10:27:43+00:00\",\"breadcrumb\":{\"@id\":\"https:\/\/brkljaca.hr\/proizvod\/pecena-janjetina-cijela\/#breadcrumb\"},\"inLanguage\":\"it-IT\",\"potentialAction\":[{\"@type\":\"ReadAction\",\"target\":[\"https:\/\/brkljaca.hr\/proizvod\/pecena-janjetina-cijela\/\"]}]},{\"@type\":\"ImageObject\",\"inLanguage\":\"it-IT\",\"@id\":\"https:\/\/brkljaca.hr\/proizvod\/pecena-janjetina-cijela\/#primaryimage\",\"url\":\"https:\/\/brkljaca.hr\/wp-content\/uploads\/2024\/05\/janjetina-2.webp\",\"contentUrl\":\"https:\/\/brkljaca.hr\/wp-content\/uploads\/2024\/05\/janjetina-2.webp\",\"width\":750,\"height\":750},{\"@type\":\"BreadcrumbList\",\"@id\":\"https:\/\/brkljaca.hr\/proizvod\/pecena-janjetina-cijela\/#breadcrumb\",\"itemListElement\":[{\"@type\":\"ListItem\",\"position\":1,\"name\":\"Po\u010detna stranica\",\"item\":\"https:\/\/brkljaca.hr\/\"},{\"@type\":\"ListItem\",\"position\":2,\"name\":\"Katalog\",\"item\":\"https:\/\/brkljaca.hr\/katalog\/\"},{\"@type\":\"ListItem\",\"position\":3,\"name\":\"Pe\u010dena janjetina &#8211; cijela\"}]},{\"@type\":\"WebSite\",\"@id\":\"https:\/\/brkljaca.hr\/#website\",\"url\":\"https:\/\/brkljaca.hr\/\",\"name\":\"brkljaca.hr\",\"description\":\"\",\"publisher\":{\"@id\":\"https:\/\/brkljaca.hr\/#organization\"},\"potentialAction\":[{\"@type\":\"SearchAction\",\"target\":{\"@type\":\"EntryPoint\",\"urlTemplate\":\"https:\/\/brkljaca.hr\/?s={search_term_string}\"},\"query-input\":{\"@type\":\"PropertyValueSpecification\",\"valueRequired\":true,\"valueName\":\"search_term_string\"}}],\"inLanguage\":\"it-IT\"},{\"@type\":\"Organization\",\"@id\":\"https:\/\/brkljaca.hr\/#organization\",\"name\":\"brkljaca.hr\",\"url\":\"https:\/\/brkljaca.hr\/\",\"logo\":{\"@type\":\"ImageObject\",\"inLanguage\":\"it-IT\",\"@id\":\"https:\/\/brkljaca.hr\/#\/schema\/logo\/image\/\",\"url\":\"https:\/\/brkljaca.hr\/wp-content\/uploads\/2024\/05\/PECENJARNICA-BRKLJACA-logo.png\",\"contentUrl\":\"https:\/\/brkljaca.hr\/wp-content\/uploads\/2024\/05\/PECENJARNICA-BRKLJACA-logo.png\",\"width\":450,\"height\":200,\"caption\":\"brkljaca.hr\"},\"image\":{\"@id\":\"https:\/\/brkljaca.hr\/#\/schema\/logo\/image\/\"}}]}<\/script>\n<!-- \/ Yoast SEO plugin. -->","yoast_head_json":{"title":"Agnello arrosto - intero - brkljaca.hr","robots":{"index":"index","follow":"follow","max-snippet":"max-snippet:-1","max-image-preview":"max-image-preview:large","max-video-preview":"max-video-preview:-1"},"canonical":"https:\/\/brkljaca.hr\/it\/prodotto\/agnello-arrosto-intero\/","og_locale":"it_IT","og_type":"article","og_title":"Pe\u010dena janjetina - cijela - brkljaca.hr","og_description":"Na\u0161e pe\u010deno janje vrhunski je specijalitet, pripremljen s pa\u017enjom za najso\u010dniji okus. Janje je polako pe\u010deno kako bi zadr\u017ealo svoju nje\u017enost i bogatstvo okusa. Nudimo cijela janjad ili porcije po va\u0161oj \u017eelji, idealne za obiteljske ru\u010dkove i sve\u010dane prigode. U\u017eivajte u tradiciji i kvaliteti na\u0161eg pe\u010denog janjetine.","og_url":"https:\/\/brkljaca.hr\/it\/prodotto\/agnello-arrosto-intero\/","og_site_name":"brkljaca.hr","article_modified_time":"2025-06-05T10:27:43+00:00","og_image":[{"width":750,"height":750,"url":"https:\/\/brkljaca.hr\/wp-content\/uploads\/2024\/05\/janjetina-2.webp","type":"image\/webp"}],"twitter_card":"summary_large_image","twitter_misc":{"Tempo di lettura stimato":"1 minuto"},"schema":{"@context":"https:\/\/schema.org","@graph":[{"@type":"WebPage","@id":"https:\/\/brkljaca.hr\/proizvod\/pecena-janjetina-cijela\/","url":"https:\/\/brkljaca.hr\/proizvod\/pecena-janjetina-cijela\/","name":"Agnello arrosto - intero - brkljaca.hr","isPartOf":{"@id":"https:\/\/brkljaca.hr\/#website"},"primaryImageOfPage":{"@id":"https:\/\/brkljaca.hr\/proizvod\/pecena-janjetina-cijela\/#primaryimage"},"image":{"@id":"https:\/\/brkljaca.hr\/proizvod\/pecena-janjetina-cijela\/#primaryimage"},"thumbnailUrl":"https:\/\/brkljaca.hr\/wp-content\/uploads\/2024\/05\/janjetina-2.webp","datePublished":"2024-06-08T15:44:59+00:00","dateModified":"2025-06-05T10:27:43+00:00","breadcrumb":{"@id":"https:\/\/brkljaca.hr\/proizvod\/pecena-janjetina-cijela\/#breadcrumb"},"inLanguage":"it-IT","potentialAction":[{"@type":"ReadAction","target":["https:\/\/brkljaca.hr\/proizvod\/pecena-janjetina-cijela\/"]}]},{"@type":"ImageObject","inLanguage":"it-IT","@id":"https:\/\/brkljaca.hr\/proizvod\/pecena-janjetina-cijela\/#primaryimage","url":"https:\/\/brkljaca.hr\/wp-content\/uploads\/2024\/05\/janjetina-2.webp","contentUrl":"https:\/\/brkljaca.hr\/wp-content\/uploads\/2024\/05\/janjetina-2.webp","width":750,"height":750},{"@type":"BreadcrumbList","@id":"https:\/\/brkljaca.hr\/proizvod\/pecena-janjetina-cijela\/#breadcrumb","itemListElement":[{"@type":"ListItem","position":1,"name":"Po\u010detna stranica","item":"https:\/\/brkljaca.hr\/"},{"@type":"ListItem","position":2,"name":"Katalog","item":"https:\/\/brkljaca.hr\/katalog\/"},{"@type":"ListItem","position":3,"name":"Pe\u010dena janjetina &#8211; cijela"}]},{"@type":"WebSite","@id":"https:\/\/brkljaca.hr\/#website","url":"https:\/\/brkljaca.hr\/","name":"brkljaca.hr","description":"","publisher":{"@id":"https:\/\/brkljaca.hr\/#organization"},"potentialAction":[{"@type":"SearchAction","target":{"@type":"EntryPoint","urlTemplate":"https:\/\/brkljaca.hr\/?s={search_term_string}"},"query-input":{"@type":"PropertyValueSpecification","valueRequired":true,"valueName":"search_term_string"}}],"inLanguage":"it-IT"},{"@type":"Organization","@id":"https:\/\/brkljaca.hr\/#organization","name":"brkljaca.hr","url":"https:\/\/brkljaca.hr\/","logo":{"@type":"ImageObject","inLanguage":"it-IT","@id":"https:\/\/brkljaca.hr\/#\/schema\/logo\/image\/","url":"https:\/\/brkljaca.hr\/wp-content\/uploads\/2024\/05\/PECENJARNICA-BRKLJACA-logo.png","contentUrl":"https:\/\/brkljaca.hr\/wp-content\/uploads\/2024\/05\/PECENJARNICA-BRKLJACA-logo.png","width":450,"height":200,"caption":"brkljaca.hr"},"image":{"@id":"https:\/\/brkljaca.hr\/#\/schema\/logo\/image\/"}}]}},"_links":{"self":[{"href":"https:\/\/brkljaca.hr\/it\/wp-json\/wp\/v2\/product\/986","targetHints":{"allow":["GET"]}}],"collection":[{"href":"https:\/\/brkljaca.hr\/it\/wp-json\/wp\/v2\/product"}],"about":[{"href":"https:\/\/brkljaca.hr\/it\/wp-json\/wp\/v2\/types\/product"}],"wp:featuredmedia":[{"embeddable":true,"href":"https:\/\/brkljaca.hr\/it\/wp-json\/wp\/v2\/media\/814"}],"wp:attachment":[{"href":"https:\/\/brkljaca.hr\/it\/wp-json\/wp\/v2\/media?parent=986"}],"wp:term":[{"taxonomy":"product_brand","embeddable":true,"href":"https:\/\/brkljaca.hr\/it\/wp-json\/wp\/v2\/product_brand?post=986"},{"taxonomy":"product_cat","embeddable":true,"href":"https:\/\/brkljaca.hr\/it\/wp-json\/wp\/v2\/product_cat?post=986"},{"taxonomy":"product_tag","embeddable":true,"href":"https:\/\/brkljaca.hr\/it\/wp-json\/wp\/v2\/product_tag?post=986"}],"curies":[{"name":"wp","href":"https:\/\/api.w.org\/{rel}","templated":true}]}}