{"id":1037,"date":"2024-06-08T19:02:40","date_gmt":"2024-06-08T17:02:40","guid":{"rendered":"https:\/\/brkljaca.hr\/?post_type=product&#038;p=1037"},"modified":"2025-06-05T12:27:54","modified_gmt":"2025-06-05T10:27:54","slug":"paprsnjak","status":"publish","type":"product","link":"https:\/\/brkljaca.hr\/it\/prodotto\/sterno\/","title":{"rendered":"Sparviero"},"content":{"rendered":"","protected":false},"excerpt":{"rendered":"<p>Il Paprsnjak \u00e8 una prelibatezza tradizionale con una ricca storia. Questo salume \u00e8 preparato con carne di altissima qualit\u00e0, condito con spezie aromatiche ed essiccato alla perfezione. Perfetto per uno spuntino o come aggiunta ai tuoi pasti, lo spray soddisfer\u00e0 le tue papille gustative con il suo gusto e la sua consistenza unici. Godetevi il gusto autentico della tradizione.<\/p>","protected":false},"featured_media":1057,"template":"","meta":{"site-sidebar-layout":"default","site-content-layout":"","ast-site-content-layout":"default","site-content-style":"default","site-sidebar-style":"default","ast-global-header-display":"","ast-banner-title-visibility":"","ast-main-header-display":"","ast-hfb-above-header-display":"","ast-hfb-below-header-display":"","ast-hfb-mobile-header-display":"","site-post-title":"","ast-breadcrumbs-content":"","ast-featured-img":"","footer-sml-layout":"","ast-disable-related-posts":"","theme-transparent-header-meta":"default","adv-header-id-meta":"","stick-header-meta":"default","header-above-stick-meta":"","header-main-stick-meta":"","header-below-stick-meta":"","astra-migrate-meta-layouts":"set","ast-page-background-enabled":"default","ast-page-background-meta":{"desktop":{"background-color":"var(--ast-global-color-4)","background-image":"","background-repeat":"repeat","background-position":"center center","background-size":"auto","background-attachment":"scroll","background-type":"","background-media":"","overlay-type":"","overlay-color":"","overlay-opacity":"","overlay-gradient":""},"tablet":{"background-color":"","background-image":"","background-repeat":"repeat","background-position":"center center","background-size":"auto","background-attachment":"scroll","background-type":"","background-media":"","overlay-type":"","overlay-color":"","overlay-opacity":"","overlay-gradient":""},"mobile":{"background-color":"","background-image":"","background-repeat":"repeat","background-position":"center center","background-size":"auto","background-attachment":"scroll","background-type":"","background-media":"","overlay-type":"","overlay-color":"","overlay-opacity":"","overlay-gradient":""}},"ast-content-background-meta":{"desktop":{"background-color":"var(--ast-global-color-5)","background-image":"","background-repeat":"repeat","background-position":"center center","background-size":"auto","background-attachment":"scroll","background-type":"","background-media":"","overlay-type":"","overlay-color":"","overlay-opacity":"","overlay-gradient":""},"tablet":{"background-color":"var(--ast-global-color-5)","background-image":"","background-repeat":"repeat","background-position":"center center","background-size":"auto","background-attachment":"scroll","background-type":"","background-media":"","overlay-type":"","overlay-color":"","overlay-opacity":"","overlay-gradient":""},"mobile":{"background-color":"var(--ast-global-color-5)","background-image":"","background-repeat":"repeat","background-position":"center center","background-size":"auto","background-attachment":"scroll","background-type":"","background-media":"","overlay-type":"","overlay-color":"","overlay-opacity":"","overlay-gradient":""}}},"product_brand":[],"product_cat":[34],"product_tag":[],"class_list":{"0":"post-1037","1":"product","2":"type-product","3":"status-publish","4":"has-post-thumbnail","6":"product_cat-brkljaca","7":"desktop-align-left","8":"tablet-align-left","9":"mobile-align-left","10":"ast-product-gallery-layout-horizontal-slider","11":"ast-product-gallery-with-no-image","13":"first","14":"instock","15":"shipping-taxable","16":"purchasable","17":"product-type-simple"},"yoast_head":"<!-- This site is optimized with the Yoast SEO plugin v27.4 - https:\/\/yoast.com\/product\/yoast-seo-wordpress\/ -->\n<title>Papr\u0161njak - brkljaca.hr<\/title>\n<meta name=\"robots\" content=\"index, follow, max-snippet:-1, max-image-preview:large, max-video-preview:-1\" \/>\n<link rel=\"canonical\" href=\"https:\/\/brkljaca.hr\/it\/prodotto\/sterno\/\" \/>\n<meta property=\"og:locale\" content=\"it_IT\" \/>\n<meta property=\"og:type\" content=\"article\" \/>\n<meta property=\"og:title\" content=\"Papr\u0161njak - brkljaca.hr\" \/>\n<meta property=\"og:description\" content=\"Papr\u0161njak je tradicionalna delicija s bogatom povije\u0161\u0107u. Ovaj suhomesnati proizvod priprema se od najkvalitetnijeg mesa, za\u010dinjenog aromati\u010dnim za\u010dinima i su\u0161enog do savr\u0161enstva. Savr\u0161en za u\u017einu ili kao dodatak va\u0161im jelima, papr\u0161njak \u0107e zadovoljiti va\u0161e nepce svojim jedinstvenim okusom i teksturom. U\u017eivajte u autenti\u010dnom okusu tradicije.\" \/>\n<meta property=\"og:url\" content=\"https:\/\/brkljaca.hr\/it\/prodotto\/sterno\/\" \/>\n<meta property=\"og:site_name\" content=\"brkljaca.hr\" \/>\n<meta property=\"article:modified_time\" content=\"2025-06-05T10:27:54+00:00\" \/>\n<meta property=\"og:image\" content=\"https:\/\/brkljaca.hr\/wp-content\/uploads\/2024\/06\/paprsnjak-janjeci-e1717867643399.webp\" \/>\n\t<meta property=\"og:image:width\" content=\"1282\" \/>\n\t<meta property=\"og:image:height\" content=\"1283\" \/>\n\t<meta property=\"og:image:type\" content=\"image\/webp\" \/>\n<meta name=\"twitter:card\" content=\"summary_large_image\" \/>\n<meta name=\"twitter:label1\" content=\"Tempo di lettura stimato\" \/>\n\t<meta name=\"twitter:data1\" content=\"1 minuto\" \/>\n<script type=\"application\/ld+json\" class=\"yoast-schema-graph\">{\"@context\":\"https:\\\/\\\/schema.org\",\"@graph\":[{\"@type\":\"WebPage\",\"@id\":\"https:\\\/\\\/brkljaca.hr\\\/proizvod\\\/paprsnjak\\\/\",\"url\":\"https:\\\/\\\/brkljaca.hr\\\/proizvod\\\/paprsnjak\\\/\",\"name\":\"Papr\u0161njak - brkljaca.hr\",\"isPartOf\":{\"@id\":\"https:\\\/\\\/brkljaca.hr\\\/#website\"},\"primaryImageOfPage\":{\"@id\":\"https:\\\/\\\/brkljaca.hr\\\/proizvod\\\/paprsnjak\\\/#primaryimage\"},\"image\":{\"@id\":\"https:\\\/\\\/brkljaca.hr\\\/proizvod\\\/paprsnjak\\\/#primaryimage\"},\"thumbnailUrl\":\"https:\\\/\\\/brkljaca.hr\\\/wp-content\\\/uploads\\\/2024\\\/06\\\/paprsnjak-janjeci-e1717867643399.webp\",\"datePublished\":\"2024-06-08T17:02:40+00:00\",\"dateModified\":\"2025-06-05T10:27:54+00:00\",\"breadcrumb\":{\"@id\":\"https:\\\/\\\/brkljaca.hr\\\/proizvod\\\/paprsnjak\\\/#breadcrumb\"},\"inLanguage\":\"it-IT\",\"potentialAction\":[{\"@type\":\"ReadAction\",\"target\":[\"https:\\\/\\\/brkljaca.hr\\\/proizvod\\\/paprsnjak\\\/\"]}]},{\"@type\":\"ImageObject\",\"inLanguage\":\"it-IT\",\"@id\":\"https:\\\/\\\/brkljaca.hr\\\/proizvod\\\/paprsnjak\\\/#primaryimage\",\"url\":\"https:\\\/\\\/brkljaca.hr\\\/wp-content\\\/uploads\\\/2024\\\/06\\\/paprsnjak-janjeci-e1717867643399.webp\",\"contentUrl\":\"https:\\\/\\\/brkljaca.hr\\\/wp-content\\\/uploads\\\/2024\\\/06\\\/paprsnjak-janjeci-e1717867643399.webp\",\"width\":1282,\"height\":1283},{\"@type\":\"BreadcrumbList\",\"@id\":\"https:\\\/\\\/brkljaca.hr\\\/proizvod\\\/paprsnjak\\\/#breadcrumb\",\"itemListElement\":[{\"@type\":\"ListItem\",\"position\":1,\"name\":\"Po\u010detna stranica\",\"item\":\"https:\\\/\\\/brkljaca.hr\\\/\"},{\"@type\":\"ListItem\",\"position\":2,\"name\":\"Katalog\",\"item\":\"https:\\\/\\\/brkljaca.hr\\\/katalog\\\/\"},{\"@type\":\"ListItem\",\"position\":3,\"name\":\"Papr\u0161njak\"}]},{\"@type\":\"WebSite\",\"@id\":\"https:\\\/\\\/brkljaca.hr\\\/#website\",\"url\":\"https:\\\/\\\/brkljaca.hr\\\/\",\"name\":\"brkljaca.hr\",\"description\":\"\",\"publisher\":{\"@id\":\"https:\\\/\\\/brkljaca.hr\\\/#organization\"},\"potentialAction\":[{\"@type\":\"SearchAction\",\"target\":{\"@type\":\"EntryPoint\",\"urlTemplate\":\"https:\\\/\\\/brkljaca.hr\\\/?s={search_term_string}\"},\"query-input\":{\"@type\":\"PropertyValueSpecification\",\"valueRequired\":true,\"valueName\":\"search_term_string\"}}],\"inLanguage\":\"it-IT\"},{\"@type\":\"Organization\",\"@id\":\"https:\\\/\\\/brkljaca.hr\\\/#organization\",\"name\":\"brkljaca.hr\",\"url\":\"https:\\\/\\\/brkljaca.hr\\\/\",\"logo\":{\"@type\":\"ImageObject\",\"inLanguage\":\"it-IT\",\"@id\":\"https:\\\/\\\/brkljaca.hr\\\/#\\\/schema\\\/logo\\\/image\\\/\",\"url\":\"https:\\\/\\\/brkljaca.hr\\\/wp-content\\\/uploads\\\/2024\\\/05\\\/PECENJARNICA-BRKLJACA-logo.png\",\"contentUrl\":\"https:\\\/\\\/brkljaca.hr\\\/wp-content\\\/uploads\\\/2024\\\/05\\\/PECENJARNICA-BRKLJACA-logo.png\",\"width\":450,\"height\":200,\"caption\":\"brkljaca.hr\"},\"image\":{\"@id\":\"https:\\\/\\\/brkljaca.hr\\\/#\\\/schema\\\/logo\\\/image\\\/\"}}]}<\/script>\n<!-- \/ Yoast SEO plugin. -->","yoast_head_json":{"title":"Papr\u0161njak - brkljaca.hr","robots":{"index":"index","follow":"follow","max-snippet":"max-snippet:-1","max-image-preview":"max-image-preview:large","max-video-preview":"max-video-preview:-1"},"canonical":"https:\/\/brkljaca.hr\/it\/prodotto\/sterno\/","og_locale":"it_IT","og_type":"article","og_title":"Papr\u0161njak - brkljaca.hr","og_description":"Papr\u0161njak je tradicionalna delicija s bogatom povije\u0161\u0107u. Ovaj suhomesnati proizvod priprema se od najkvalitetnijeg mesa, za\u010dinjenog aromati\u010dnim za\u010dinima i su\u0161enog do savr\u0161enstva. Savr\u0161en za u\u017einu ili kao dodatak va\u0161im jelima, papr\u0161njak \u0107e zadovoljiti va\u0161e nepce svojim jedinstvenim okusom i teksturom. U\u017eivajte u autenti\u010dnom okusu tradicije.","og_url":"https:\/\/brkljaca.hr\/it\/prodotto\/sterno\/","og_site_name":"brkljaca.hr","article_modified_time":"2025-06-05T10:27:54+00:00","og_image":[{"width":1282,"height":1283,"url":"https:\/\/brkljaca.hr\/wp-content\/uploads\/2024\/06\/paprsnjak-janjeci-e1717867643399.webp","type":"image\/webp"}],"twitter_card":"summary_large_image","twitter_misc":{"Tempo di lettura stimato":"1 minuto"},"schema":{"@context":"https:\/\/schema.org","@graph":[{"@type":"WebPage","@id":"https:\/\/brkljaca.hr\/proizvod\/paprsnjak\/","url":"https:\/\/brkljaca.hr\/proizvod\/paprsnjak\/","name":"Papr\u0161njak - brkljaca.hr","isPartOf":{"@id":"https:\/\/brkljaca.hr\/#website"},"primaryImageOfPage":{"@id":"https:\/\/brkljaca.hr\/proizvod\/paprsnjak\/#primaryimage"},"image":{"@id":"https:\/\/brkljaca.hr\/proizvod\/paprsnjak\/#primaryimage"},"thumbnailUrl":"https:\/\/brkljaca.hr\/wp-content\/uploads\/2024\/06\/paprsnjak-janjeci-e1717867643399.webp","datePublished":"2024-06-08T17:02:40+00:00","dateModified":"2025-06-05T10:27:54+00:00","breadcrumb":{"@id":"https:\/\/brkljaca.hr\/proizvod\/paprsnjak\/#breadcrumb"},"inLanguage":"it-IT","potentialAction":[{"@type":"ReadAction","target":["https:\/\/brkljaca.hr\/proizvod\/paprsnjak\/"]}]},{"@type":"ImageObject","inLanguage":"it-IT","@id":"https:\/\/brkljaca.hr\/proizvod\/paprsnjak\/#primaryimage","url":"https:\/\/brkljaca.hr\/wp-content\/uploads\/2024\/06\/paprsnjak-janjeci-e1717867643399.webp","contentUrl":"https:\/\/brkljaca.hr\/wp-content\/uploads\/2024\/06\/paprsnjak-janjeci-e1717867643399.webp","width":1282,"height":1283},{"@type":"BreadcrumbList","@id":"https:\/\/brkljaca.hr\/proizvod\/paprsnjak\/#breadcrumb","itemListElement":[{"@type":"ListItem","position":1,"name":"Po\u010detna stranica","item":"https:\/\/brkljaca.hr\/"},{"@type":"ListItem","position":2,"name":"Katalog","item":"https:\/\/brkljaca.hr\/katalog\/"},{"@type":"ListItem","position":3,"name":"Papr\u0161njak"}]},{"@type":"WebSite","@id":"https:\/\/brkljaca.hr\/#website","url":"https:\/\/brkljaca.hr\/","name":"brkljaca.hr","description":"","publisher":{"@id":"https:\/\/brkljaca.hr\/#organization"},"potentialAction":[{"@type":"SearchAction","target":{"@type":"EntryPoint","urlTemplate":"https:\/\/brkljaca.hr\/?s={search_term_string}"},"query-input":{"@type":"PropertyValueSpecification","valueRequired":true,"valueName":"search_term_string"}}],"inLanguage":"it-IT"},{"@type":"Organization","@id":"https:\/\/brkljaca.hr\/#organization","name":"brkljaca.hr","url":"https:\/\/brkljaca.hr\/","logo":{"@type":"ImageObject","inLanguage":"it-IT","@id":"https:\/\/brkljaca.hr\/#\/schema\/logo\/image\/","url":"https:\/\/brkljaca.hr\/wp-content\/uploads\/2024\/05\/PECENJARNICA-BRKLJACA-logo.png","contentUrl":"https:\/\/brkljaca.hr\/wp-content\/uploads\/2024\/05\/PECENJARNICA-BRKLJACA-logo.png","width":450,"height":200,"caption":"brkljaca.hr"},"image":{"@id":"https:\/\/brkljaca.hr\/#\/schema\/logo\/image\/"}}]}},"_links":{"self":[{"href":"https:\/\/brkljaca.hr\/it\/wp-json\/wp\/v2\/product\/1037","targetHints":{"allow":["GET"]}}],"collection":[{"href":"https:\/\/brkljaca.hr\/it\/wp-json\/wp\/v2\/product"}],"about":[{"href":"https:\/\/brkljaca.hr\/it\/wp-json\/wp\/v2\/types\/product"}],"wp:featuredmedia":[{"embeddable":true,"href":"https:\/\/brkljaca.hr\/it\/wp-json\/wp\/v2\/media\/1057"}],"wp:attachment":[{"href":"https:\/\/brkljaca.hr\/it\/wp-json\/wp\/v2\/media?parent=1037"}],"wp:term":[{"taxonomy":"product_brand","embeddable":true,"href":"https:\/\/brkljaca.hr\/it\/wp-json\/wp\/v2\/product_brand?post=1037"},{"taxonomy":"product_cat","embeddable":true,"href":"https:\/\/brkljaca.hr\/it\/wp-json\/wp\/v2\/product_cat?post=1037"},{"taxonomy":"product_tag","embeddable":true,"href":"https:\/\/brkljaca.hr\/it\/wp-json\/wp\/v2\/product_tag?post=1037"}],"curies":[{"name":"wp","href":"https:\/\/api.w.org\/{rel}","templated":true}]}}