{"id":1128,"date":"2024-06-09T01:47:56","date_gmt":"2024-06-08T23:47:56","guid":{"rendered":"https:\/\/brkljaca.hr\/?page_id=1128"},"modified":"2024-06-09T01:49:01","modified_gmt":"2024-06-08T23:49:01","slug":"uvjeti-koristenja","status":"publish","type":"page","link":"https:\/\/brkljaca.hr\/it\/termini-di-utilizzo\/","title":{"rendered":"Termini di utilizzo"},"content":{"rendered":"<p>Benvenuti a Pe\u010denjarnica Brklja\u010da!<\/p>\n\n\n\n<p>Le presenti condizioni descrivono le regole e i regolamenti per l&#039;utilizzo del sito web di BRKLJA\u010cA, obrt za trgovinje, vl Jadranka Brklja\u010da, situato all&#039;indirizzo https:\/\/brkljaca.hr\/.<\/p>\n\n\n\n<p>Accedendo a questo sito Web, assumiamo che tu accetti questi termini e condizioni. Non continuare ad utilizzare Pe\u010denjarnica Brklja\u010da se non accetti tutte le condizioni indicate in questa pagina.<\/p>\n\n\n\n<p>La seguente terminologia si applica ai presenti Termini e condizioni, all&#039;Informativa sulla privacy, all&#039;Informativa sulla dichiarazione di non responsabilit\u00e0 e a tutti gli accordi: &quot;Cliente&quot;, &quot;Tu&quot; e &quot;Tuo&quot; si riferiscono a te, la persona che accede a questo sito Web e in conformit\u00e0 con i termini e le condizioni di l&#039;azienda. &quot;Azienda&quot;, &quot;Noi&quot;, &quot;Nostro&quot;, &quot;Nostro&quot; e &quot;Noi&quot; si riferiscono alla nostra azienda. &quot;Parte&quot;, &quot;Parti&quot; o &quot;Noi&quot; si riferiscono sia al Cliente che a noi. Tutte le condizioni si riferiscono all&#039;offerta, all&#039;accettazione e al corrispettivo del pagamento necessario per intraprendere il processo di assistenza al Cliente nel modo pi\u00f9 idoneo al preciso scopo di soddisfare le esigenze del Cliente in merito alla fornitura dei suddetti servizi della Societ\u00e0, in conformit\u00e0 con la legge applicabile della Repubblica Ceca. Qualsiasi utilizzo della suddetta terminologia o di altre parole al singolare, al plurale, in maiuscolo e\/o lui\/lei \u00e8 ritenuto intercambiabile e pertanto si riferisce allo stesso.<\/p>\n\n\n\n<h3 class=\"wp-block-heading\"><strong>biscotti<\/strong><\/h3>\n\n\n\n<p>Utilizziamo l&#039;uso dei cookie. Accedendo a Pe\u010denjarnica Brklja\u010da, l&#039;utente accetta l&#039;utilizzo dei cookie in accordo con BRKLJA\u010cA, obrt za trgovinje, vl. Politica sulla privacy di Jadranka Brklja\u010da.<\/p>\n\n\n\n<p>La maggior parte dei siti Web interattivi utilizza i cookie per consentirci di recuperare informazioni sull&#039;utente per ogni visita. Il nostro sito Web utilizza i cookie per abilitare la funzionalit\u00e0 di determinate aree per rendere pi\u00f9 semplice per le persone visitare il nostro sito Web. Anche alcuni dei nostri partner affiliati\/pubblicitari possono utilizzare i cookie.<\/p>\n\n\n\n<h3 class=\"wp-block-heading\"><strong>Licenza<\/strong><\/h3>\n\n\n\n<p>Salvo diversa indicazione, BRKLJA\u010cA, obrt za trgovinje, vl Jadranka Brklja\u010da e\/o i suoi licenziatari possiedono i diritti di propriet\u00e0 intellettuale per tutto il materiale di Pe\u010denjarnica Brklja\u010da. Tutti i diritti di propriet\u00e0 intellettuale sono riservati. Puoi accedervi dal Panificio Brklja\u010da per il tuo uso personale soggetto alle restrizioni stabilite in questi termini.<\/p>\n\n\n\n<p>Non devi:<\/p>\n\n\n\n<ul class=\"wp-block-list\">\n<li>Ripubblicare il materiale di Pe\u010denjarnica Brklja\u010da<\/li>\n\n\n\n<li>Vendere, affittare o concedere in sublicenza il materiale di Pe\u010denjarnica Brklja\u010da<\/li>\n\n\n\n<li>Riprodurre, duplicare o copiare materiale da Pe\u010denjarnica Brklja\u010da<\/li>\n\n\n\n<li>Ridistribuire i contenuti di Pe\u010denjarnica Brklja\u010da<\/li>\n<\/ul>\n\n\n\n<p>Il presente Contratto entra in vigore a partire da tale data. I nostri Termini e Condizioni sono stati creati con l&#039;aiuto di&nbsp;<a href=\"https:\/\/www-termsandconditionsgenerator-com.translate.goog\/?_x_tr_sl=en&amp;_x_tr_tl=hr&amp;_x_tr_hl=hr&amp;_x_tr_pto=wapp\">Generatore di termini e condizioni gratuito<\/a>&nbsp;.<\/p>\n\n\n\n<p>Parti di questo sito Web offrono agli utenti la possibilit\u00e0 di pubblicare e scambiare opinioni e informazioni in determinate aree del sito Web. BRKLJA\u010cA, obrt za trgovinje, vl Jadranka Brklja\u010da non filtra, modifica, pubblica o rivede i commenti prima della loro presenza sul sito web. I commenti non riflettono i punti di vista e le opinioni di BRKLJA\u010c,obrt za trgovinje, del proprietario Jadranka Brklja\u010da, dei suoi rappresentanti e\/o delle societ\u00e0 affiliate. I commenti riflettono i punti di vista e le opinioni della persona che pubblica i propri punti di vista e opinioni. Nella misura consentita dalle leggi applicabili, BRKLJA\u010cA, obrt za trgovinje, vl Jadranka Brklja\u010da non sar\u00e0 responsabile per commenti o per qualsiasi responsabilit\u00e0, danno o costo sostenuto e\/o sostenuto a seguito di qualsiasi utilizzo e\/o pubblicazione e\/o. comparsa di commenti su questo sito.<\/p>\n\n\n\n<p>BRKLJA\u010cA, obrt za trgovinje, vl Jadranka Brklja\u010da si riserva il diritto di monitorare tutti i commenti e rimuovere eventuali commenti che potrebbero essere considerati inappropriati, offensivi o che causano una violazione dei presenti Termini.<\/p>\n\n\n\n<p>Garantisci e dichiari che:<\/p>\n\n\n\n<ul class=\"wp-block-list\">\n<li>Hai il diritto di pubblicare commenti sul nostro sito Web e disponi di tutte le licenze e i consensi necessari per farlo;<\/li>\n\n\n\n<li>I Commenti non violano alcun diritto di propriet\u00e0 intellettuale, inclusi, a titolo esemplificativo, copyright, brevetti o marchi di terze parti;<\/li>\n\n\n\n<li>I commenti non contengono materiale calunnioso, diffamatorio, offensivo, osceno o altrimenti illegale che costituisca un&#039;invasione della privacy<\/li>\n\n\n\n<li>I commenti non verranno utilizzati per sollecitare o promuovere affari o pratiche o rappresentare attivit\u00e0 commerciali o attivit\u00e0 illegali.<\/li>\n<\/ul>\n\n\n\n<p>BRKLJA\u010cA, obrt za trgovinje, vl. Jadranka Brklja\u010da concede una licenza non esclusiva per utilizzare, riprodurre, modificare e autorizzare altri a utilizzare, riprodurre e modificare qualsiasi tuo commento in qualsiasi forma, formato o supporto.<\/p>\n\n\n\n<h3 class=\"wp-block-heading\"><strong>Collegamento ipertestuale al nostro contenuto<\/strong><\/h3>\n\n\n\n<p>Le seguenti organizzazioni possono collegarsi al nostro sito Web senza previa approvazione scritta:<\/p>\n\n\n\n<ul class=\"wp-block-list\">\n<li>Agenzie governative;<\/li>\n\n\n\n<li>Motori di ricerca;<\/li>\n\n\n\n<li>Organizzazioni giornalistiche;<\/li>\n\n\n\n<li>I distributori di directory Internet possono collegarsi al nostro sito nello stesso modo in cui si collegano ai siti di altre societ\u00e0 quotate; E<\/li>\n\n\n\n<li>Imprese accreditate in tutto il sistema, ad eccezione delle organizzazioni no-profit, centri commerciali di beneficenza e gruppi di raccolta fondi di beneficenza che potrebbero non avere un collegamento ipertestuale al nostro sito web.<\/li>\n<\/ul>\n\n\n\n<p>Queste organizzazioni possono collegarsi alla nostra home page, alle pubblicazioni o ad altre informazioni sul sito Web purch\u00e9 il collegamento: (a) non sia in alcun modo fuorviante; (b) non implica falsa sponsorizzazione, approvazione o approvazione del collegamento e dei suoi prodotti e\/o servizi; e (c) si inserisce nel contesto della pagina collegata.<\/p>\n\n\n\n<p>Potremmo prendere in considerazione e approvare altre richieste per collegare i seguenti tipi di organizzazioni:<\/p>\n\n\n\n<ul class=\"wp-block-list\">\n<li>fonti di informazione generalmente note ai consumatori e\/o alle imprese;<\/li>\n\n\n\n<li>siti di comunit\u00e0 punto.com;<\/li>\n\n\n\n<li>associazioni o altri gruppi rappresentativi di enti di beneficenza;<\/li>\n\n\n\n<li>distributori di elenchi in linea;<\/li>\n\n\n\n<li>portali Internet;<\/li>\n\n\n\n<li>studi contabili, legali e di consulenza; E<\/li>\n\n\n\n<li>istituti scolastici e associazioni di categoria.<\/li>\n<\/ul>\n\n\n\n<p>Approveremo le richieste di collegamento da parte di queste organizzazioni se stabiliamo che: (a) il collegamento non far\u00e0 apparire sfavorevolmente noi o le nostre Societ\u00e0 Accreditate; (b) l&#039;organizzazione non ha precedenti negativi presso di noi; (c) il vantaggio che otteniamo dalla visibilit\u00e0 del collegamento ipertestuale compensa l&#039;assenza di BRKLJA\u010c, obrt za trgovinje, vl. e (d) il collegamento \u00e8 nel contesto di informazioni generali sulla fonte.<\/p>\n\n\n\n<p>Queste organizzazioni possono collegarsi alla nostra home page purch\u00e9 il collegamento: (a) non sia in alcun modo fuorviante; (b) non implica falsa sponsorizzazione, approvazione o approvazione del collegamento e dei suoi prodotti o servizi; e (c) si inserisce nel contesto della pagina collegata.<\/p>\n\n\n\n<p>Se siete una delle organizzazioni elencate nel paragrafo 2 e siete interessati a collegarvi al nostro sito web, dovete comunicarcelo inviando una e-mail a BRKLJA\u010cA, obrt za trgovinje, vl. Includi il tuo nome, il nome della tua organizzazione, le informazioni di contatto e l&#039;URL del tuo sito web, un elenco di tutti gli URL da cui intendi collegarti al nostro sito web e un elenco di URL sul nostro sito web a cui desideri collegarti. Si prega di attendere 2-3 settimane per una risposta.<\/p>\n\n\n\n<p>Le organizzazioni approvate possono collegarsi tramite collegamento ipertestuale al nostro sito Web come segue:<\/p>\n\n\n\n<ul class=\"wp-block-list\">\n<li>Utilizzando il nome della nostra azienda; O<\/li>\n\n\n\n<li>Utilizzando il localizzatore univoco della risorsa a cui \u00e8 collegata; O<\/li>\n\n\n\n<li>Utilizzando qualsiasi altra descrizione del nostro sito Web collegato che abbia senso nel contesto e nel formato del contenuto del sito Web collegato.<\/li>\n<\/ul>\n\n\n\n<p>Nessun vantaggio di BRKLJA\u010cA, obrt za trgovinje, vl Logo o altre opere d&#039;arte di Jadranka Brklja\u010da potranno essere collegati senza un accordo di licenza del marchio.<\/p>\n\n\n\n<h3 class=\"wp-block-heading\"><strong>iFrame<\/strong><\/h3>\n\n\n\n<p>Senza previa approvazione e permesso scritto, non \u00e8 possibile creare frame attorno alle nostre pagine web che alterino in alcun modo la presentazione visiva o l&#039;aspetto delle nostre pagine web.<\/p>\n\n\n\n<h3 class=\"wp-block-heading\"><strong>Responsabilit\u00e0 per i contenuti<\/strong><\/h3>\n\n\n\n<p>Non saremo responsabili per qualsiasi contenuto che appare sul tuo sito web. Accetti di indennizzare e difenderci da qualsiasi reclamo che appare sul tuo sito web. Nessun collegamento dovrebbe apparire su qualsiasi sito Web che possa essere interpretato come diffamatorio, osceno o criminale o che violi, violi in altro modo o sostenga la violazione o altra violazione dei diritti di terzi.<\/p>\n\n\n\n<h3 class=\"wp-block-heading\"><strong>Riserva dei diritti<\/strong><\/h3>\n\n\n\n<p>Ci riserviamo il diritto di richiedere la rimozione di tutti o di alcuni collegamenti specifici al nostro sito web. Acconsenti alla nostra rimozione immediata di tutti i collegamenti al nostro sito Web su richiesta. Ci riserviamo inoltre il diritto di modificare questi termini e condizioni in qualsiasi momento. Continuando a connetterti al nostro sito web, accetti e segui questi termini e condizioni di collegamento.<\/p>\n\n\n\n<h3 class=\"wp-block-heading\"><strong>Rimozione di collegamenti dal nostro sito Web<\/strong><\/h3>\n\n\n\n<p>Se per qualsiasi motivo ritieni offensivo un collegamento sul nostro sito Web, sei libero di contattarci e farcelo sapere in qualsiasi momento. Prenderemo in considerazione le richieste di rimozione dei collegamenti, ma non siamo obbligati a rispondere direttamente all&#039;utente.<\/p>\n\n\n\n<p>Non garantiamo che le informazioni presenti su questo sito siano corrette, non ne garantiamo la completezza o l&#039;accuratezza; n\u00e9 promettiamo di garantire che il sito web rimanga disponibile o che il materiale sul sito web venga aggiornato.<\/p>\n\n\n\n<h3 class=\"wp-block-heading\"><strong>Rinuncia<\/strong><\/h3>\n\n\n\n<p>Nella misura massima consentita dalla legge applicabile, escludiamo tutte le dichiarazioni, garanzie e condizioni relative al nostro sito Web e all&#039;utilizzo di questo sito Web. Niente in questo disclaimer dovr\u00e0:<\/p>\n\n\n\n<ul class=\"wp-block-list\">\n<li>limitare o escludere la nostra o la vostra responsabilit\u00e0 per morte o lesioni personali;<\/li>\n\n\n\n<li>limitare o escludere la nostra o la vostra responsabilit\u00e0 per frode o falsa dichiarazione;<\/li>\n\n\n\n<li>limitare qualsiasi nostra o vostra responsabilit\u00e0 in qualsiasi modo non consentito dalla legge applicabile; O<\/li>\n\n\n\n<li>escludere qualsiasi responsabilit\u00e0 nostra o vostra che non pu\u00f2 essere esclusa ai sensi della legge applicabile.<\/li>\n<\/ul>\n\n\n\n<p>Le limitazioni ed esclusioni di responsabilit\u00e0 stabilite in questa sezione e altrove in questa clausola di esclusione della responsabilit\u00e0: (a) sono soggette al paragrafo precedente; e (b) disciplinare tutte le responsabilit\u00e0 derivanti dalla clausola di esclusione della responsabilit\u00e0, comprese le responsabilit\u00e0 derivanti da contratto, atto illecito e violazione degli obblighi di legge.<\/p>\n\n\n\n<p>Finch\u00e9 il sito Web e le informazioni e i servizi sul sito Web sono forniti gratuitamente, non saremo responsabili per eventuali perdite o danni di qualsiasi natura.<\/p>","protected":false},"excerpt":{"rendered":"<p>Benvenuti a Pe\u010denjarnica Brklja\u010da! Le presenti condizioni descrivono le regole e i regolamenti per l&#039;utilizzo del sito web di BRKLJA\u010cA, obrt za trgovinje, vl Jadranka Brklja\u010da, situato all&#039;indirizzo https:\/\/brkljaca.hr\/. Accedendo a questo sito Web, assumiamo che tu accetti questi termini e condizioni. Non continuare ad utilizzare Pe\u010denjarnica Brklja\u010da se non accetti tutte le condizioni indicate in questa pagina. La seguente terminologia si applica [...]<\/p>","protected":false},"author":1,"featured_media":0,"parent":0,"menu_order":0,"comment_status":"closed","ping_status":"closed","template":"","meta":{"site-sidebar-layout":"default","site-content-layout":"","ast-site-content-layout":"normal-width-container","site-content-style":"default","site-sidebar-style":"default","ast-global-header-display":"","ast-banner-title-visibility":"","ast-main-header-display":"","ast-hfb-above-header-display":"","ast-hfb-below-header-display":"","ast-hfb-mobile-header-display":"","site-post-title":"","ast-breadcrumbs-content":"","ast-featured-img":"disabled","footer-sml-layout":"","theme-transparent-header-meta":"","adv-header-id-meta":"","stick-header-meta":"","header-above-stick-meta":"","header-main-stick-meta":"","header-below-stick-meta":"","astra-migrate-meta-layouts":"default","ast-page-background-enabled":"default","ast-page-background-meta":{"desktop":{"background-color":"var(--ast-global-color-4)","background-image":"","background-repeat":"repeat","background-position":"center center","background-size":"auto","background-attachment":"scroll","background-type":"","background-media":"","overlay-type":"","overlay-color":"","overlay-opacity":"","overlay-gradient":""},"tablet":{"background-color":"","background-image":"","background-repeat":"repeat","background-position":"center center","background-size":"auto","background-attachment":"scroll","background-type":"","background-media":"","overlay-type":"","overlay-color":"","overlay-opacity":"","overlay-gradient":""},"mobile":{"background-color":"","background-image":"","background-repeat":"repeat","background-position":"center center","background-size":"auto","background-attachment":"scroll","background-type":"","background-media":"","overlay-type":"","overlay-color":"","overlay-opacity":"","overlay-gradient":""}},"ast-content-background-meta":{"desktop":{"background-color":"var(--ast-global-color-5)","background-image":"","background-repeat":"repeat","background-position":"center center","background-size":"auto","background-attachment":"scroll","background-type":"","background-media":"","overlay-type":"","overlay-color":"","overlay-opacity":"","overlay-gradient":""},"tablet":{"background-color":"var(--ast-global-color-5)","background-image":"","background-repeat":"repeat","background-position":"center center","background-size":"auto","background-attachment":"scroll","background-type":"","background-media":"","overlay-type":"","overlay-color":"","overlay-opacity":"","overlay-gradient":""},"mobile":{"background-color":"var(--ast-global-color-5)","background-image":"","background-repeat":"repeat","background-position":"center center","background-size":"auto","background-attachment":"scroll","background-type":"","background-media":"","overlay-type":"","overlay-color":"","overlay-opacity":"","overlay-gradient":""}},"footnotes":""},"class_list":["post-1128","page","type-page","status-publish","hentry"],"yoast_head":"<!-- This site is optimized with the Yoast SEO plugin v26.2 - https:\/\/yoast.com\/wordpress\/plugins\/seo\/ -->\n<title>Uvjeti kori\u0161tenja - brkljaca.hr<\/title>\n<meta name=\"robots\" content=\"noindex, follow\" \/>\n<meta property=\"og:locale\" content=\"it_IT\" \/>\n<meta property=\"og:type\" content=\"article\" \/>\n<meta property=\"og:title\" content=\"Uvjeti kori\u0161tenja - brkljaca.hr\" \/>\n<meta property=\"og:description\" content=\"Dobrodo\u0161li u Pe\u010denjarnicu Brklja\u010da! Ovi uvjeti opisuju pravila i propise za kori\u0161tenje BRKLJA\u010cA,obrt za trgovinu, vl. Internetska stranica Jadranke Brklja\u010de, koja se nalazi na adresi https:\/\/brkljaca.hr\/. Pristupanjem ovoj web stranici pretpostavljamo da prihva\u0107ate ove uvjete i odredbe. Nemojte nastaviti koristiti Pe\u010denjarnicu Brklja\u010da ako ne prihva\u0107ate sve uvjete navedene na ovoj stranici. Sljede\u0107a terminologija primjenjuje se [&hellip;]\" \/>\n<meta property=\"og:url\" content=\"https:\/\/brkljaca.hr\/it\/termini-di-utilizzo\/\" \/>\n<meta property=\"og:site_name\" content=\"brkljaca.hr\" \/>\n<meta property=\"article:modified_time\" content=\"2024-06-08T23:49:01+00:00\" \/>\n<meta name=\"twitter:card\" content=\"summary_large_image\" \/>\n<meta name=\"twitter:label1\" content=\"Tempo di lettura stimato\" \/>\n\t<meta name=\"twitter:data1\" content=\"8 minuti\" \/>\n<script type=\"application\/ld+json\" class=\"yoast-schema-graph\">{\"@context\":\"https:\/\/schema.org\",\"@graph\":[{\"@type\":\"WebPage\",\"@id\":\"https:\/\/brkljaca.hr\/uvjeti-koristenja\/\",\"url\":\"https:\/\/brkljaca.hr\/uvjeti-koristenja\/\",\"name\":\"Uvjeti kori\u0161tenja - brkljaca.hr\",\"isPartOf\":{\"@id\":\"https:\/\/brkljaca.hr\/#website\"},\"datePublished\":\"2024-06-08T23:47:56+00:00\",\"dateModified\":\"2024-06-08T23:49:01+00:00\",\"breadcrumb\":{\"@id\":\"https:\/\/brkljaca.hr\/uvjeti-koristenja\/#breadcrumb\"},\"inLanguage\":\"it-IT\",\"potentialAction\":[{\"@type\":\"ReadAction\",\"target\":[\"https:\/\/brkljaca.hr\/uvjeti-koristenja\/\"]}]},{\"@type\":\"BreadcrumbList\",\"@id\":\"https:\/\/brkljaca.hr\/uvjeti-koristenja\/#breadcrumb\",\"itemListElement\":[{\"@type\":\"ListItem\",\"position\":1,\"name\":\"Po\u010detna stranica\",\"item\":\"https:\/\/brkljaca.hr\/\"},{\"@type\":\"ListItem\",\"position\":2,\"name\":\"Uvjeti kori\u0161tenja\"}]},{\"@type\":\"WebSite\",\"@id\":\"https:\/\/brkljaca.hr\/#website\",\"url\":\"https:\/\/brkljaca.hr\/\",\"name\":\"brkljaca.hr\",\"description\":\"\",\"publisher\":{\"@id\":\"https:\/\/brkljaca.hr\/#organization\"},\"potentialAction\":[{\"@type\":\"SearchAction\",\"target\":{\"@type\":\"EntryPoint\",\"urlTemplate\":\"https:\/\/brkljaca.hr\/?s={search_term_string}\"},\"query-input\":{\"@type\":\"PropertyValueSpecification\",\"valueRequired\":true,\"valueName\":\"search_term_string\"}}],\"inLanguage\":\"it-IT\"},{\"@type\":\"Organization\",\"@id\":\"https:\/\/brkljaca.hr\/#organization\",\"name\":\"brkljaca.hr\",\"url\":\"https:\/\/brkljaca.hr\/\",\"logo\":{\"@type\":\"ImageObject\",\"inLanguage\":\"it-IT\",\"@id\":\"https:\/\/brkljaca.hr\/#\/schema\/logo\/image\/\",\"url\":\"https:\/\/brkljaca.hr\/wp-content\/uploads\/2024\/05\/PECENJARNICA-BRKLJACA-logo.png\",\"contentUrl\":\"https:\/\/brkljaca.hr\/wp-content\/uploads\/2024\/05\/PECENJARNICA-BRKLJACA-logo.png\",\"width\":450,\"height\":200,\"caption\":\"brkljaca.hr\"},\"image\":{\"@id\":\"https:\/\/brkljaca.hr\/#\/schema\/logo\/image\/\"}}]}<\/script>\n<!-- \/ Yoast SEO plugin. -->","yoast_head_json":{"title":"Condizioni d&#039;uso - brkljaca.hr","robots":{"index":"noindex","follow":"follow"},"og_locale":"it_IT","og_type":"article","og_title":"Uvjeti kori\u0161tenja - brkljaca.hr","og_description":"Dobrodo\u0161li u Pe\u010denjarnicu Brklja\u010da! Ovi uvjeti opisuju pravila i propise za kori\u0161tenje BRKLJA\u010cA,obrt za trgovinu, vl. Internetska stranica Jadranke Brklja\u010de, koja se nalazi na adresi https:\/\/brkljaca.hr\/. Pristupanjem ovoj web stranici pretpostavljamo da prihva\u0107ate ove uvjete i odredbe. Nemojte nastaviti koristiti Pe\u010denjarnicu Brklja\u010da ako ne prihva\u0107ate sve uvjete navedene na ovoj stranici. Sljede\u0107a terminologija primjenjuje se [&hellip;]","og_url":"https:\/\/brkljaca.hr\/it\/termini-di-utilizzo\/","og_site_name":"brkljaca.hr","article_modified_time":"2024-06-08T23:49:01+00:00","twitter_card":"summary_large_image","twitter_misc":{"Tempo di lettura stimato":"8 minuti"},"schema":{"@context":"https:\/\/schema.org","@graph":[{"@type":"WebPage","@id":"https:\/\/brkljaca.hr\/uvjeti-koristenja\/","url":"https:\/\/brkljaca.hr\/uvjeti-koristenja\/","name":"Condizioni d&#039;uso - brkljaca.hr","isPartOf":{"@id":"https:\/\/brkljaca.hr\/#website"},"datePublished":"2024-06-08T23:47:56+00:00","dateModified":"2024-06-08T23:49:01+00:00","breadcrumb":{"@id":"https:\/\/brkljaca.hr\/uvjeti-koristenja\/#breadcrumb"},"inLanguage":"it-IT","potentialAction":[{"@type":"ReadAction","target":["https:\/\/brkljaca.hr\/uvjeti-koristenja\/"]}]},{"@type":"BreadcrumbList","@id":"https:\/\/brkljaca.hr\/uvjeti-koristenja\/#breadcrumb","itemListElement":[{"@type":"ListItem","position":1,"name":"Po\u010detna stranica","item":"https:\/\/brkljaca.hr\/"},{"@type":"ListItem","position":2,"name":"Uvjeti kori\u0161tenja"}]},{"@type":"WebSite","@id":"https:\/\/brkljaca.hr\/#website","url":"https:\/\/brkljaca.hr\/","name":"brkljaca.hr","description":"","publisher":{"@id":"https:\/\/brkljaca.hr\/#organization"},"potentialAction":[{"@type":"SearchAction","target":{"@type":"EntryPoint","urlTemplate":"https:\/\/brkljaca.hr\/?s={search_term_string}"},"query-input":{"@type":"PropertyValueSpecification","valueRequired":true,"valueName":"search_term_string"}}],"inLanguage":"it-IT"},{"@type":"Organization","@id":"https:\/\/brkljaca.hr\/#organization","name":"brkljaca.hr","url":"https:\/\/brkljaca.hr\/","logo":{"@type":"ImageObject","inLanguage":"it-IT","@id":"https:\/\/brkljaca.hr\/#\/schema\/logo\/image\/","url":"https:\/\/brkljaca.hr\/wp-content\/uploads\/2024\/05\/PECENJARNICA-BRKLJACA-logo.png","contentUrl":"https:\/\/brkljaca.hr\/wp-content\/uploads\/2024\/05\/PECENJARNICA-BRKLJACA-logo.png","width":450,"height":200,"caption":"brkljaca.hr"},"image":{"@id":"https:\/\/brkljaca.hr\/#\/schema\/logo\/image\/"}}]}},"_links":{"self":[{"href":"https:\/\/brkljaca.hr\/it\/wp-json\/wp\/v2\/pages\/1128","targetHints":{"allow":["GET"]}}],"collection":[{"href":"https:\/\/brkljaca.hr\/it\/wp-json\/wp\/v2\/pages"}],"about":[{"href":"https:\/\/brkljaca.hr\/it\/wp-json\/wp\/v2\/types\/page"}],"author":[{"embeddable":true,"href":"https:\/\/brkljaca.hr\/it\/wp-json\/wp\/v2\/users\/1"}],"replies":[{"embeddable":true,"href":"https:\/\/brkljaca.hr\/it\/wp-json\/wp\/v2\/comments?post=1128"}],"version-history":[{"count":1,"href":"https:\/\/brkljaca.hr\/it\/wp-json\/wp\/v2\/pages\/1128\/revisions"}],"predecessor-version":[{"id":1129,"href":"https:\/\/brkljaca.hr\/it\/wp-json\/wp\/v2\/pages\/1128\/revisions\/1129"}],"wp:attachment":[{"href":"https:\/\/brkljaca.hr\/it\/wp-json\/wp\/v2\/media?parent=1128"}],"curies":[{"name":"wp","href":"https:\/\/api.w.org\/{rel}","templated":true}]}}