{"id":1136,"date":"2024-06-09T01:55:48","date_gmt":"2024-06-08T23:55:48","guid":{"rendered":"https:\/\/brkljaca.hr\/?page_id=1136"},"modified":"2024-06-09T02:01:30","modified_gmt":"2024-06-09T00:01:30","slug":"poslovni-podaci","status":"publish","type":"page","link":"https:\/\/brkljaca.hr\/en\/business-data\/","title":{"rendered":"Business data"},"content":{"rendered":"<p>owner<\/p>\n\n\n\n<figure class=\"wp-block-table\"><table><tbody><tr><td>Surname and name:<\/td><td colspan=\"3\">VRKLJA\u010cA JADRANKA<\/td><\/tr><tr><td>OIB:<\/td><td colspan=\"3\">75047412072<\/td><\/tr><\/tbody><\/table><\/figure>\n\n\n\n<p>trade - headquarters<\/p>\n\n\n\n<figure class=\"wp-block-table\"><table><tbody><tr><td>Name of trade:<\/td><td colspan=\"3\">BRKLJA\u010cA, trading company, owner Jadranka Brklja\u010da, Zadar, Ulica 4. gardijske brigade 30<\/td><\/tr><tr><td>Type of trade:<\/td><td>Unprivileged trade<\/td><td>Carrying out:<\/td><td>Throughout the year<\/td><\/tr><tr><td>State of trade:<\/td><td>In operation<\/td><td>Cartridge registration number:<\/td><td>3955<\/td><\/tr><tr><td>MBO:<\/td><td>91402867<\/td><td>Company number:<\/td><td>13010003955<\/td><\/tr><tr><td>Administrative body:<\/td><td colspan=\"3\">ADMINISTRATIVE DEPARTMENT FOR ECONOMY AND TOURISM ZADAR (ZADAR)<\/td><\/tr><tr><td>Beginning of trade:<\/td><td>31.03.2000<\/td><td>Termination of trade:<\/td><td>&#8211;<\/td><\/tr><tr><td colspan=\"4\"><\/td><\/tr><tr><td>Street:<\/td><td colspan=\"3\">4TH GUARDS BRIGADE 30<\/td><\/tr><tr><td>Settlement:<\/td><td colspan=\"3\">ZADAR<\/td><\/tr><tr><td>Municipality \/ city:<\/td><td colspan=\"3\">ZADAR<\/td><\/tr><tr><td>County:<\/td><td colspan=\"3\">ZADAR COUNTY<\/td><\/tr><\/tbody><\/table><\/figure>","protected":false},"excerpt":{"rendered":"<p>owner Surname and first name: BRKLJA\u010cA JADRANKA OIB: 75047412072 trade - headquarters Name of the trade: BRKLJA\u010cA, obrt za trgovinje, vl. Jadranka Brklja\u010da, Zadar, Ulica 4. gardijske brigade 30 Type of trade: Non-privileged trade Execution: Throughout the year State of the trade: In operation Registration number: 3955 MBO: 91402867 Trade number: 13010003955 Administrative body: ADMINISTRATIVE DEPARTMENT FOR ECONOMY AND TOURISM ZADAR [\u2026]<\/p>","protected":false},"author":1,"featured_media":0,"parent":0,"menu_order":0,"comment_status":"closed","ping_status":"closed","template":"","meta":{"site-sidebar-layout":"default","site-content-layout":"","ast-site-content-layout":"default","site-content-style":"default","site-sidebar-style":"default","ast-global-header-display":"","ast-banner-title-visibility":"","ast-main-header-display":"","ast-hfb-above-header-display":"","ast-hfb-below-header-display":"","ast-hfb-mobile-header-display":"","site-post-title":"","ast-breadcrumbs-content":"","ast-featured-img":"","footer-sml-layout":"","ast-disable-related-posts":"","theme-transparent-header-meta":"","adv-header-id-meta":"","stick-header-meta":"","header-above-stick-meta":"","header-main-stick-meta":"","header-below-stick-meta":"","astra-migrate-meta-layouts":"default","ast-page-background-enabled":"default","ast-page-background-meta":{"desktop":{"background-color":"var(--ast-global-color-4)","background-image":"","background-repeat":"repeat","background-position":"center center","background-size":"auto","background-attachment":"scroll","background-type":"","background-media":"","overlay-type":"","overlay-color":"","overlay-opacity":"","overlay-gradient":""},"tablet":{"background-color":"","background-image":"","background-repeat":"repeat","background-position":"center center","background-size":"auto","background-attachment":"scroll","background-type":"","background-media":"","overlay-type":"","overlay-color":"","overlay-opacity":"","overlay-gradient":""},"mobile":{"background-color":"","background-image":"","background-repeat":"repeat","background-position":"center center","background-size":"auto","background-attachment":"scroll","background-type":"","background-media":"","overlay-type":"","overlay-color":"","overlay-opacity":"","overlay-gradient":""}},"ast-content-background-meta":{"desktop":{"background-color":"var(--ast-global-color-5)","background-image":"","background-repeat":"repeat","background-position":"center center","background-size":"auto","background-attachment":"scroll","background-type":"","background-media":"","overlay-type":"","overlay-color":"","overlay-opacity":"","overlay-gradient":""},"tablet":{"background-color":"var(--ast-global-color-5)","background-image":"","background-repeat":"repeat","background-position":"center center","background-size":"auto","background-attachment":"scroll","background-type":"","background-media":"","overlay-type":"","overlay-color":"","overlay-opacity":"","overlay-gradient":""},"mobile":{"background-color":"var(--ast-global-color-5)","background-image":"","background-repeat":"repeat","background-position":"center center","background-size":"auto","background-attachment":"scroll","background-type":"","background-media":"","overlay-type":"","overlay-color":"","overlay-opacity":"","overlay-gradient":""}},"footnotes":""},"class_list":["post-1136","page","type-page","status-publish","hentry"],"yoast_head":"<!-- This site is optimized with the Yoast SEO plugin v27.4 - https:\/\/yoast.com\/product\/yoast-seo-wordpress\/ -->\n<title>Poslovni podaci - brkljaca.hr<\/title>\n<meta name=\"robots\" content=\"noindex, follow\" \/>\n<meta property=\"og:locale\" content=\"en_GB\" \/>\n<meta property=\"og:type\" content=\"article\" \/>\n<meta property=\"og:title\" content=\"Poslovni podaci - brkljaca.hr\" \/>\n<meta property=\"og:description\" content=\"vlasnik Prezime i ime: BRKLJA\u010cA JADRANKA OIB: 75047412072 obrt &#8211; sjedi\u0161te Naziv obrta: BRKLJA\u010cA,obrt za trgovinu, vl. Jadranka Brklja\u010da, Zadar, Ulica 4. gardijske brigade 30 Vrsta obrta: Nepovla\u0161teni obrt Obavljanje: Tokom cijele godine Stanje obrta: U radu Broj reg. ulo\u0161ka: 3955 MBO: 91402867 Broj obrtnice: 13010003955 Upravno tijelo: UPRAVNI ODJEL ZA GOSPODARSTVO I TURIZAM ZADAR [&hellip;]\" \/>\n<meta property=\"og:url\" content=\"https:\/\/brkljaca.hr\/en\/business-data\/\" \/>\n<meta property=\"og:site_name\" content=\"brkljaca.hr\" \/>\n<meta property=\"article:modified_time\" content=\"2024-06-09T00:01:30+00:00\" \/>\n<meta name=\"twitter:card\" content=\"summary_large_image\" \/>\n<meta name=\"twitter:label1\" content=\"Estimated reading time\" \/>\n\t<meta name=\"twitter:data1\" content=\"1 minute\" \/>\n<script type=\"application\/ld+json\" class=\"yoast-schema-graph\">{\"@context\":\"https:\\\/\\\/schema.org\",\"@graph\":[{\"@type\":\"WebPage\",\"@id\":\"https:\\\/\\\/brkljaca.hr\\\/poslovni-podaci\\\/\",\"url\":\"https:\\\/\\\/brkljaca.hr\\\/poslovni-podaci\\\/\",\"name\":\"Poslovni podaci - brkljaca.hr\",\"isPartOf\":{\"@id\":\"https:\\\/\\\/brkljaca.hr\\\/#website\"},\"datePublished\":\"2024-06-08T23:55:48+00:00\",\"dateModified\":\"2024-06-09T00:01:30+00:00\",\"breadcrumb\":{\"@id\":\"https:\\\/\\\/brkljaca.hr\\\/poslovni-podaci\\\/#breadcrumb\"},\"inLanguage\":\"en-GB\",\"potentialAction\":[{\"@type\":\"ReadAction\",\"target\":[\"https:\\\/\\\/brkljaca.hr\\\/poslovni-podaci\\\/\"]}]},{\"@type\":\"BreadcrumbList\",\"@id\":\"https:\\\/\\\/brkljaca.hr\\\/poslovni-podaci\\\/#breadcrumb\",\"itemListElement\":[{\"@type\":\"ListItem\",\"position\":1,\"name\":\"Po\u010detna stranica\",\"item\":\"https:\\\/\\\/brkljaca.hr\\\/\"},{\"@type\":\"ListItem\",\"position\":2,\"name\":\"Poslovni podaci\"}]},{\"@type\":\"WebSite\",\"@id\":\"https:\\\/\\\/brkljaca.hr\\\/#website\",\"url\":\"https:\\\/\\\/brkljaca.hr\\\/\",\"name\":\"brkljaca.hr\",\"description\":\"\",\"publisher\":{\"@id\":\"https:\\\/\\\/brkljaca.hr\\\/#organization\"},\"potentialAction\":[{\"@type\":\"SearchAction\",\"target\":{\"@type\":\"EntryPoint\",\"urlTemplate\":\"https:\\\/\\\/brkljaca.hr\\\/?s={search_term_string}\"},\"query-input\":{\"@type\":\"PropertyValueSpecification\",\"valueRequired\":true,\"valueName\":\"search_term_string\"}}],\"inLanguage\":\"en-GB\"},{\"@type\":\"Organization\",\"@id\":\"https:\\\/\\\/brkljaca.hr\\\/#organization\",\"name\":\"brkljaca.hr\",\"url\":\"https:\\\/\\\/brkljaca.hr\\\/\",\"logo\":{\"@type\":\"ImageObject\",\"inLanguage\":\"en-GB\",\"@id\":\"https:\\\/\\\/brkljaca.hr\\\/#\\\/schema\\\/logo\\\/image\\\/\",\"url\":\"https:\\\/\\\/brkljaca.hr\\\/wp-content\\\/uploads\\\/2024\\\/05\\\/PECENJARNICA-BRKLJACA-logo.png\",\"contentUrl\":\"https:\\\/\\\/brkljaca.hr\\\/wp-content\\\/uploads\\\/2024\\\/05\\\/PECENJARNICA-BRKLJACA-logo.png\",\"width\":450,\"height\":200,\"caption\":\"brkljaca.hr\"},\"image\":{\"@id\":\"https:\\\/\\\/brkljaca.hr\\\/#\\\/schema\\\/logo\\\/image\\\/\"}}]}<\/script>\n<!-- \/ Yoast SEO plugin. -->","yoast_head_json":{"title":"Business data - brkljaca.hr","robots":{"index":"noindex","follow":"follow"},"og_locale":"en_GB","og_type":"article","og_title":"Poslovni podaci - brkljaca.hr","og_description":"vlasnik Prezime i ime: BRKLJA\u010cA JADRANKA OIB: 75047412072 obrt &#8211; sjedi\u0161te Naziv obrta: BRKLJA\u010cA,obrt za trgovinu, vl. Jadranka Brklja\u010da, Zadar, Ulica 4. gardijske brigade 30 Vrsta obrta: Nepovla\u0161teni obrt Obavljanje: Tokom cijele godine Stanje obrta: U radu Broj reg. ulo\u0161ka: 3955 MBO: 91402867 Broj obrtnice: 13010003955 Upravno tijelo: UPRAVNI ODJEL ZA GOSPODARSTVO I TURIZAM ZADAR [&hellip;]","og_url":"https:\/\/brkljaca.hr\/en\/business-data\/","og_site_name":"brkljaca.hr","article_modified_time":"2024-06-09T00:01:30+00:00","twitter_card":"summary_large_image","twitter_misc":{"Estimated reading time":"1 minute"},"schema":{"@context":"https:\/\/schema.org","@graph":[{"@type":"WebPage","@id":"https:\/\/brkljaca.hr\/poslovni-podaci\/","url":"https:\/\/brkljaca.hr\/poslovni-podaci\/","name":"Business data - brkljaca.hr","isPartOf":{"@id":"https:\/\/brkljaca.hr\/#website"},"datePublished":"2024-06-08T23:55:48+00:00","dateModified":"2024-06-09T00:01:30+00:00","breadcrumb":{"@id":"https:\/\/brkljaca.hr\/poslovni-podaci\/#breadcrumb"},"inLanguage":"en-GB","potentialAction":[{"@type":"ReadAction","target":["https:\/\/brkljaca.hr\/poslovni-podaci\/"]}]},{"@type":"BreadcrumbList","@id":"https:\/\/brkljaca.hr\/poslovni-podaci\/#breadcrumb","itemListElement":[{"@type":"ListItem","position":1,"name":"Po\u010detna stranica","item":"https:\/\/brkljaca.hr\/"},{"@type":"ListItem","position":2,"name":"Poslovni podaci"}]},{"@type":"WebSite","@id":"https:\/\/brkljaca.hr\/#website","url":"https:\/\/brkljaca.hr\/","name":"brkljaca.hr","description":"","publisher":{"@id":"https:\/\/brkljaca.hr\/#organization"},"potentialAction":[{"@type":"SearchAction","target":{"@type":"EntryPoint","urlTemplate":"https:\/\/brkljaca.hr\/?s={search_term_string}"},"query-input":{"@type":"PropertyValueSpecification","valueRequired":true,"valueName":"search_term_string"}}],"inLanguage":"en-GB"},{"@type":"Organization","@id":"https:\/\/brkljaca.hr\/#organization","name":"brkljaca.hr","url":"https:\/\/brkljaca.hr\/","logo":{"@type":"ImageObject","inLanguage":"en-GB","@id":"https:\/\/brkljaca.hr\/#\/schema\/logo\/image\/","url":"https:\/\/brkljaca.hr\/wp-content\/uploads\/2024\/05\/PECENJARNICA-BRKLJACA-logo.png","contentUrl":"https:\/\/brkljaca.hr\/wp-content\/uploads\/2024\/05\/PECENJARNICA-BRKLJACA-logo.png","width":450,"height":200,"caption":"brkljaca.hr"},"image":{"@id":"https:\/\/brkljaca.hr\/#\/schema\/logo\/image\/"}}]}},"_links":{"self":[{"href":"https:\/\/brkljaca.hr\/en\/wp-json\/wp\/v2\/pages\/1136","targetHints":{"allow":["GET"]}}],"collection":[{"href":"https:\/\/brkljaca.hr\/en\/wp-json\/wp\/v2\/pages"}],"about":[{"href":"https:\/\/brkljaca.hr\/en\/wp-json\/wp\/v2\/types\/page"}],"author":[{"embeddable":true,"href":"https:\/\/brkljaca.hr\/en\/wp-json\/wp\/v2\/users\/1"}],"replies":[{"embeddable":true,"href":"https:\/\/brkljaca.hr\/en\/wp-json\/wp\/v2\/comments?post=1136"}],"version-history":[{"count":1,"href":"https:\/\/brkljaca.hr\/en\/wp-json\/wp\/v2\/pages\/1136\/revisions"}],"predecessor-version":[{"id":1137,"href":"https:\/\/brkljaca.hr\/en\/wp-json\/wp\/v2\/pages\/1136\/revisions\/1137"}],"wp:attachment":[{"href":"https:\/\/brkljaca.hr\/en\/wp-json\/wp\/v2\/media?parent=1136"}],"curies":[{"name":"wp","href":"https:\/\/api.w.org\/{rel}","templated":true}]}}