{"id":1128,"date":"2024-06-09T01:47:56","date_gmt":"2024-06-08T23:47:56","guid":{"rendered":"https:\/\/brkljaca.hr\/?page_id=1128"},"modified":"2024-06-09T01:49:01","modified_gmt":"2024-06-08T23:49:01","slug":"uvjeti-koristenja","status":"publish","type":"page","link":"https:\/\/brkljaca.hr\/en\/terms-of-use\/","title":{"rendered":"Terms of use"},"content":{"rendered":"<p>Welcome to Pe\u0107enjarnica Brklja\u010da!<\/p>\n\n\n\n<p>These terms and conditions describe the rules and regulations for the use of BRKLJA\u010cA, obrt za trgovinje, vl. Jadranka Brklja\u010da&#039;s website, located at https:\/\/brkljaca.hr\/.<\/p>\n\n\n\n<p>By accessing this website, we assume that you accept these terms and conditions. Do not continue to use Pe\u010denjarnica Brklja\u010da if you do not accept all the conditions stated on this page.<\/p>\n\n\n\n<p>The following terminology applies to these Terms and Conditions, the Privacy Statement and Disclaimer Notice and all agreements: \u201cClient\u201d, \u201cYou\u201d and \u201cYour\u201d refers to you, the person logging into this website and in accordance with the terms and conditions of the Company. &quot;Company&quot;, &quot;We&quot;, &quot;Us&quot;, &quot;Our&quot; and &quot;Us&quot;, refers to our company. &quot;Party&quot;, &quot;Parties&quot; or &quot;We&quot;, refers to both the Client and us. All conditions refer to the offer, acceptance and consideration of payment necessary for undertaking the process of our assistance to the Client in the most suitable way for the express purpose of meeting the Client&#039;s needs regarding the provision of the aforementioned services of the Company, in accordance with the applicable law of the Czech Republic. Any use of the above terminology or other words in the singular, plural, capitalization and\/or he\/she or they are deemed to be interchangeable and therefore refer to the same.<\/p>\n\n\n\n<h3 class=\"wp-block-heading\"><strong>cookies<\/strong><\/h3>\n\n\n\n<p>We use the use of cookies. By accessing Pe\u010denjarnica Brklja\u010da, you agree to the use of cookies in agreement with BRKLJA\u010cA, obrt za trgovinje, vl. Privacy policy of Jadranka Brklja\u010da.<\/p>\n\n\n\n<p>Most interactive websites use cookies to allow us to retrieve user information for each visit. Our website uses cookies to enable the functionality of certain areas to make it easier for people to visit our website. Some of our affiliate\/advertising partners may also use cookies.<\/p>\n\n\n\n<h3 class=\"wp-block-heading\"><strong>License<\/strong><\/h3>\n\n\n\n<p>Unless otherwise stated, BRKLJA\u010cA, obrt za trgovinje, vl. Jadranka Brklja\u010da and\/or its licensors own the intellectual property rights for all material at Pe\u010denjarnica Brklja\u010da. All intellectual property rights are reserved. You may access this from the Brklja\u010da Bakery for your own personal use subject to the restrictions set out in these terms.<\/p>\n\n\n\n<p>You must not:<\/p>\n\n\n\n<ul class=\"wp-block-list\">\n<li>Republish material from Pe\u010denjarnica Brklja\u010da<\/li>\n\n\n\n<li>Sell, rent or sublicense the material of Pe\u010denjarnica Brklja\u010da<\/li>\n\n\n\n<li>Reproduce, duplicate or copy material from Pe\u010denjarnica Brklja\u010da<\/li>\n\n\n\n<li>Redistribute content from Pe\u010denjarnica Brklja\u010da<\/li>\n<\/ul>\n\n\n\n<p>This Agreement becomes effective on this date. Our Terms and Conditions were created with the help of&nbsp;<a href=\"https:\/\/www-termsandconditionsgenerator-com.translate.goog\/?_x_tr_sl=en&amp;_x_tr_tl=hr&amp;_x_tr_hl=hr&amp;_x_tr_pto=wapp\">Free terms and conditions generator<\/a>&nbsp;.<\/p>\n\n\n\n<p>Parts of this website offer users the ability to post and exchange opinions and information in certain areas of the website. BRKLJA\u010cA, obrt za trgovinje, vl. Jadranka Brklja\u010da does not filter, edit, publish or review comments prior to their presence on the website. The comments do not reflect the views and opinions of BRKLJA\u010c,obrt za trgovinje, owner Jadranka Brklja\u010da, his representatives and\/or affiliated companies. Comments reflect the views and opinions of the person posting their views and opinions. To the extent permitted by applicable laws, BRKLJA\u010cA, obrt za trgovinje, vl. Jadranka Brklja\u010da will not be responsible for comments or for any liability, damage or costs incurred and\/or incurred as a result of any use and\/or publication and\/or appearance of comments on this website.<\/p>\n\n\n\n<p>BRKLJA\u010cA, obrt za trgovinje, vl. Jadranka Brklja\u010da reserves the right to monitor all comments and remove any comments that may be considered inappropriate, offensive or cause a violation of these Terms.<\/p>\n\n\n\n<p>You warrant and represent that:<\/p>\n\n\n\n<ul class=\"wp-block-list\">\n<li>You have the right to post comments on our website and have all necessary licenses and consents to do so;<\/li>\n\n\n\n<li>The Comments do not infringe any intellectual property right, including, without limitation, the copyright, patent or trademark of any third party;<\/li>\n\n\n\n<li>Comments do not contain any libelous, defamatory, abusive, obscene or otherwise unlawful material that constitutes an invasion of privacy<\/li>\n\n\n\n<li>Comments will not be used to solicit or promote business or practices or represent commercial activities or illegal activities.<\/li>\n<\/ul>\n\n\n\n<p>BRKLJA\u010cA, obrt za trgovinje, vl. Jadranka Brklja\u010da hereby grants a non-exclusive license to use, reproduce, edit and authorize others to use, reproduce and edit any of your comments in any and all forms, formats or media.<\/p>\n\n\n\n<h3 class=\"wp-block-heading\"><strong>Hyperlink to our content<\/strong><\/h3>\n\n\n\n<p>The following organizations may link to our website without prior written approval:<\/p>\n\n\n\n<ul class=\"wp-block-list\">\n<li>Government agencies;<\/li>\n\n\n\n<li>Search engines;<\/li>\n\n\n\n<li>News organizations;<\/li>\n\n\n\n<li>Internet directory distributors may link to our site in the same way they link to the sites of other listed companies; and<\/li>\n\n\n\n<li>Accredited companies throughout the system, except for collecting not-for-profit organizations, charity malls and charitable fundraising groups that may not have a hyperlink to our website.<\/li>\n<\/ul>\n\n\n\n<p>These organizations may link to our homepage, publications or other information on the website as long as the link: (a) is not misleading in any way; (b) does not imply false sponsorship, endorsement or approval of the link and its products and\/or services; and (c) fits into the context of the linked page.<\/p>\n\n\n\n<p>We may consider and approve other requests to connect the following types of organizations:<\/p>\n\n\n\n<ul class=\"wp-block-list\">\n<li>generally known consumer and\/or business sources of information;<\/li>\n\n\n\n<li>dot.com community sites;<\/li>\n\n\n\n<li>associations or other groups representing charitable organizations;<\/li>\n\n\n\n<li>online directory distributors;<\/li>\n\n\n\n<li>internet portals;<\/li>\n\n\n\n<li>accounting, legal and consulting firms; and<\/li>\n\n\n\n<li>educational institutions and trade associations.<\/li>\n<\/ul>\n\n\n\n<p>We will approve linkage requests from these organizations if we determine that: (a) the linkage will not make us or our Accredited Companies look unfavorably; (b) the organization has no negative record with us; (c) the benefit we get from the visibility of the hyperlink compensates for the absence of BRKLJA\u010c, obrt za trgovinje, vl. Jadranka Brklja\u010da; and (d) the link is in the context of general information about the source.<\/p>\n\n\n\n<p>These organizations may link to our home page as long as the link: (a) is not misleading in any way; (b) does not imply false sponsorship, endorsement or approval of the link and its products or services; and (c) fits into the context of the linked page.<\/p>\n\n\n\n<p>If you are one of the organizations listed in paragraph 2 and are interested in linking to our website, you must notify us by sending an e-mail to BRKLJA\u010cA, obrt za trgovinje, vl. Jadranka Brklja\u010da. Please include your name, the name of your organization, contact information as well as the URL of your website, a list of all URLs from which you intend to link to our website, and a list of URLs on our website to which you would like to link. Please allow 2-3 weeks for a response.<\/p>\n\n\n\n<p>Approved organizations may hyperlink to our website as follows:<\/p>\n\n\n\n<ul class=\"wp-block-list\">\n<li>By using our company name; or<\/li>\n\n\n\n<li>By using the unique locator of the resource to which it is linked; or<\/li>\n\n\n\n<li>By using any other description of our linked website that makes sense within the context and format of the content on the linking website.<\/li>\n<\/ul>\n\n\n\n<p>No benefit from BRKLJA\u010cA, obrt za trgovinje, vl. Logo or other artwork of Jadranka Brklja\u010da will be allowed to be linked without a trademark license agreement.<\/p>\n\n\n\n<h3 class=\"wp-block-heading\"><strong>iFrames<\/strong><\/h3>\n\n\n\n<p>Without prior approval and written permission, you may not create frames around our web pages that in any way alter the visual presentation or appearance of our web pages.<\/p>\n\n\n\n<h3 class=\"wp-block-heading\"><strong>Responsibility for content<\/strong><\/h3>\n\n\n\n<p>We will not be responsible for any content that appears on your website. You agree to protect and defend us against any claims that appear on your website. No link(s) should appear on any website that could be construed as defamatory, obscene or criminal, or that infringes, otherwise violates or advocates the infringement or other violation of the rights of third parties .<\/p>\n\n\n\n<h3 class=\"wp-block-heading\"><strong>Reservation of rights<\/strong><\/h3>\n\n\n\n<p>We reserve the right to request that you remove all or any specific links to our website. You consent to our immediate removal of all links to our website upon request. We also reserve the right to change these terms and conditions at any time. By continuing to connect to our website, you accept and follow these linking terms and conditions.<\/p>\n\n\n\n<h3 class=\"wp-block-heading\"><strong>Removal of links from our website<\/strong><\/h3>\n\n\n\n<p>If for any reason you find any link on our website to be offensive, you are free to contact us and let us know at any time. We will consider requests to remove links, but are not obligated to respond directly to you.<\/p>\n\n\n\n<p>We do not guarantee that the information on this website is correct, we do not guarantee its completeness or accuracy; nor do we promise to ensure that the website remains available or that the material on the website is updated.<\/p>\n\n\n\n<h3 class=\"wp-block-heading\"><strong>Waiver<\/strong><\/h3>\n\n\n\n<p>To the fullest extent permitted by applicable law, we exclude all representations, warranties and conditions relating to our website and the use of this website. Nothing in this disclaimer shall:<\/p>\n\n\n\n<ul class=\"wp-block-list\">\n<li>limit or exclude our or your liability for death or personal injury;<\/li>\n\n\n\n<li>limit or exclude our or your liability for fraud or misrepresentation;<\/li>\n\n\n\n<li>limit any of our or your liability in any way that is not permitted by applicable law; or<\/li>\n\n\n\n<li>exclude any liability of ours or yours which cannot be excluded under applicable law.<\/li>\n<\/ul>\n\n\n\n<p>The limitations and exclusions of liability set forth in this section and elsewhere in this disclaimer: (a) are subject to the preceding paragraph; and (b) govern all liabilities arising from the disclaimer, including liabilities arising in contract, tort and breach of statutory duty.<\/p>\n\n\n\n<p>As long as the website and the information and services on the website are provided free of charge, we will not be liable for any loss or damage of any nature whatsoever.<\/p>","protected":false},"excerpt":{"rendered":"<p>Welcome to Pe\u0107enjarnica Brklja\u010da! These conditions describe the rules and regulations for the use of BRKLJA\u010cA, obrt za trgovinje, vl. Jadranka Brklja\u010da&#039;s website, located at https:\/\/brkljaca.hr\/. By accessing this website, we assume that you accept these terms and conditions. Do not continue to use Pe\u010denjarnica Brklja\u010da if you do not accept all the conditions stated on this page. The following terminology applies [\u2026]<\/p>","protected":false},"author":1,"featured_media":0,"parent":0,"menu_order":0,"comment_status":"closed","ping_status":"closed","template":"","meta":{"site-sidebar-layout":"default","site-content-layout":"","ast-site-content-layout":"normal-width-container","site-content-style":"default","site-sidebar-style":"default","ast-global-header-display":"","ast-banner-title-visibility":"","ast-main-header-display":"","ast-hfb-above-header-display":"","ast-hfb-below-header-display":"","ast-hfb-mobile-header-display":"","site-post-title":"","ast-breadcrumbs-content":"","ast-featured-img":"disabled","footer-sml-layout":"","ast-disable-related-posts":"","theme-transparent-header-meta":"","adv-header-id-meta":"","stick-header-meta":"","header-above-stick-meta":"","header-main-stick-meta":"","header-below-stick-meta":"","astra-migrate-meta-layouts":"default","ast-page-background-enabled":"default","ast-page-background-meta":{"desktop":{"background-color":"var(--ast-global-color-4)","background-image":"","background-repeat":"repeat","background-position":"center center","background-size":"auto","background-attachment":"scroll","background-type":"","background-media":"","overlay-type":"","overlay-color":"","overlay-opacity":"","overlay-gradient":""},"tablet":{"background-color":"","background-image":"","background-repeat":"repeat","background-position":"center center","background-size":"auto","background-attachment":"scroll","background-type":"","background-media":"","overlay-type":"","overlay-color":"","overlay-opacity":"","overlay-gradient":""},"mobile":{"background-color":"","background-image":"","background-repeat":"repeat","background-position":"center center","background-size":"auto","background-attachment":"scroll","background-type":"","background-media":"","overlay-type":"","overlay-color":"","overlay-opacity":"","overlay-gradient":""}},"ast-content-background-meta":{"desktop":{"background-color":"var(--ast-global-color-5)","background-image":"","background-repeat":"repeat","background-position":"center center","background-size":"auto","background-attachment":"scroll","background-type":"","background-media":"","overlay-type":"","overlay-color":"","overlay-opacity":"","overlay-gradient":""},"tablet":{"background-color":"var(--ast-global-color-5)","background-image":"","background-repeat":"repeat","background-position":"center center","background-size":"auto","background-attachment":"scroll","background-type":"","background-media":"","overlay-type":"","overlay-color":"","overlay-opacity":"","overlay-gradient":""},"mobile":{"background-color":"var(--ast-global-color-5)","background-image":"","background-repeat":"repeat","background-position":"center center","background-size":"auto","background-attachment":"scroll","background-type":"","background-media":"","overlay-type":"","overlay-color":"","overlay-opacity":"","overlay-gradient":""}},"footnotes":""},"class_list":["post-1128","page","type-page","status-publish","hentry"],"yoast_head":"<!-- This site is optimized with the Yoast SEO plugin v27.4 - https:\/\/yoast.com\/product\/yoast-seo-wordpress\/ -->\n<title>Uvjeti kori\u0161tenja - brkljaca.hr<\/title>\n<meta name=\"robots\" content=\"noindex, follow\" \/>\n<meta property=\"og:locale\" content=\"en_GB\" \/>\n<meta property=\"og:type\" content=\"article\" \/>\n<meta property=\"og:title\" content=\"Uvjeti kori\u0161tenja - brkljaca.hr\" \/>\n<meta property=\"og:description\" content=\"Dobrodo\u0161li u Pe\u010denjarnicu Brklja\u010da! Ovi uvjeti opisuju pravila i propise za kori\u0161tenje BRKLJA\u010cA,obrt za trgovinu, vl. Internetska stranica Jadranke Brklja\u010de, koja se nalazi na adresi https:\/\/brkljaca.hr\/. Pristupanjem ovoj web stranici pretpostavljamo da prihva\u0107ate ove uvjete i odredbe. Nemojte nastaviti koristiti Pe\u010denjarnicu Brklja\u010da ako ne prihva\u0107ate sve uvjete navedene na ovoj stranici. Sljede\u0107a terminologija primjenjuje se [&hellip;]\" \/>\n<meta property=\"og:url\" content=\"https:\/\/brkljaca.hr\/en\/terms-of-use\/\" \/>\n<meta property=\"og:site_name\" content=\"brkljaca.hr\" \/>\n<meta property=\"article:modified_time\" content=\"2024-06-08T23:49:01+00:00\" \/>\n<meta name=\"twitter:card\" content=\"summary_large_image\" \/>\n<meta name=\"twitter:label1\" content=\"Estimated reading time\" \/>\n\t<meta name=\"twitter:data1\" content=\"8 minutes\" \/>\n<script type=\"application\/ld+json\" class=\"yoast-schema-graph\">{\"@context\":\"https:\\\/\\\/schema.org\",\"@graph\":[{\"@type\":\"WebPage\",\"@id\":\"https:\\\/\\\/brkljaca.hr\\\/uvjeti-koristenja\\\/\",\"url\":\"https:\\\/\\\/brkljaca.hr\\\/uvjeti-koristenja\\\/\",\"name\":\"Uvjeti kori\u0161tenja - brkljaca.hr\",\"isPartOf\":{\"@id\":\"https:\\\/\\\/brkljaca.hr\\\/#website\"},\"datePublished\":\"2024-06-08T23:47:56+00:00\",\"dateModified\":\"2024-06-08T23:49:01+00:00\",\"breadcrumb\":{\"@id\":\"https:\\\/\\\/brkljaca.hr\\\/uvjeti-koristenja\\\/#breadcrumb\"},\"inLanguage\":\"en-GB\",\"potentialAction\":[{\"@type\":\"ReadAction\",\"target\":[\"https:\\\/\\\/brkljaca.hr\\\/uvjeti-koristenja\\\/\"]}]},{\"@type\":\"BreadcrumbList\",\"@id\":\"https:\\\/\\\/brkljaca.hr\\\/uvjeti-koristenja\\\/#breadcrumb\",\"itemListElement\":[{\"@type\":\"ListItem\",\"position\":1,\"name\":\"Po\u010detna stranica\",\"item\":\"https:\\\/\\\/brkljaca.hr\\\/\"},{\"@type\":\"ListItem\",\"position\":2,\"name\":\"Uvjeti kori\u0161tenja\"}]},{\"@type\":\"WebSite\",\"@id\":\"https:\\\/\\\/brkljaca.hr\\\/#website\",\"url\":\"https:\\\/\\\/brkljaca.hr\\\/\",\"name\":\"brkljaca.hr\",\"description\":\"\",\"publisher\":{\"@id\":\"https:\\\/\\\/brkljaca.hr\\\/#organization\"},\"potentialAction\":[{\"@type\":\"SearchAction\",\"target\":{\"@type\":\"EntryPoint\",\"urlTemplate\":\"https:\\\/\\\/brkljaca.hr\\\/?s={search_term_string}\"},\"query-input\":{\"@type\":\"PropertyValueSpecification\",\"valueRequired\":true,\"valueName\":\"search_term_string\"}}],\"inLanguage\":\"en-GB\"},{\"@type\":\"Organization\",\"@id\":\"https:\\\/\\\/brkljaca.hr\\\/#organization\",\"name\":\"brkljaca.hr\",\"url\":\"https:\\\/\\\/brkljaca.hr\\\/\",\"logo\":{\"@type\":\"ImageObject\",\"inLanguage\":\"en-GB\",\"@id\":\"https:\\\/\\\/brkljaca.hr\\\/#\\\/schema\\\/logo\\\/image\\\/\",\"url\":\"https:\\\/\\\/brkljaca.hr\\\/wp-content\\\/uploads\\\/2024\\\/05\\\/PECENJARNICA-BRKLJACA-logo.png\",\"contentUrl\":\"https:\\\/\\\/brkljaca.hr\\\/wp-content\\\/uploads\\\/2024\\\/05\\\/PECENJARNICA-BRKLJACA-logo.png\",\"width\":450,\"height\":200,\"caption\":\"brkljaca.hr\"},\"image\":{\"@id\":\"https:\\\/\\\/brkljaca.hr\\\/#\\\/schema\\\/logo\\\/image\\\/\"}}]}<\/script>\n<!-- \/ Yoast SEO plugin. -->","yoast_head_json":{"title":"Terms of use - brkljaca.hr","robots":{"index":"noindex","follow":"follow"},"og_locale":"en_GB","og_type":"article","og_title":"Uvjeti kori\u0161tenja - brkljaca.hr","og_description":"Dobrodo\u0161li u Pe\u010denjarnicu Brklja\u010da! Ovi uvjeti opisuju pravila i propise za kori\u0161tenje BRKLJA\u010cA,obrt za trgovinu, vl. Internetska stranica Jadranke Brklja\u010de, koja se nalazi na adresi https:\/\/brkljaca.hr\/. Pristupanjem ovoj web stranici pretpostavljamo da prihva\u0107ate ove uvjete i odredbe. Nemojte nastaviti koristiti Pe\u010denjarnicu Brklja\u010da ako ne prihva\u0107ate sve uvjete navedene na ovoj stranici. Sljede\u0107a terminologija primjenjuje se [&hellip;]","og_url":"https:\/\/brkljaca.hr\/en\/terms-of-use\/","og_site_name":"brkljaca.hr","article_modified_time":"2024-06-08T23:49:01+00:00","twitter_card":"summary_large_image","twitter_misc":{"Estimated reading time":"8 minutes"},"schema":{"@context":"https:\/\/schema.org","@graph":[{"@type":"WebPage","@id":"https:\/\/brkljaca.hr\/uvjeti-koristenja\/","url":"https:\/\/brkljaca.hr\/uvjeti-koristenja\/","name":"Terms of use - brkljaca.hr","isPartOf":{"@id":"https:\/\/brkljaca.hr\/#website"},"datePublished":"2024-06-08T23:47:56+00:00","dateModified":"2024-06-08T23:49:01+00:00","breadcrumb":{"@id":"https:\/\/brkljaca.hr\/uvjeti-koristenja\/#breadcrumb"},"inLanguage":"en-GB","potentialAction":[{"@type":"ReadAction","target":["https:\/\/brkljaca.hr\/uvjeti-koristenja\/"]}]},{"@type":"BreadcrumbList","@id":"https:\/\/brkljaca.hr\/uvjeti-koristenja\/#breadcrumb","itemListElement":[{"@type":"ListItem","position":1,"name":"Po\u010detna stranica","item":"https:\/\/brkljaca.hr\/"},{"@type":"ListItem","position":2,"name":"Uvjeti kori\u0161tenja"}]},{"@type":"WebSite","@id":"https:\/\/brkljaca.hr\/#website","url":"https:\/\/brkljaca.hr\/","name":"brkljaca.hr","description":"","publisher":{"@id":"https:\/\/brkljaca.hr\/#organization"},"potentialAction":[{"@type":"SearchAction","target":{"@type":"EntryPoint","urlTemplate":"https:\/\/brkljaca.hr\/?s={search_term_string}"},"query-input":{"@type":"PropertyValueSpecification","valueRequired":true,"valueName":"search_term_string"}}],"inLanguage":"en-GB"},{"@type":"Organization","@id":"https:\/\/brkljaca.hr\/#organization","name":"brkljaca.hr","url":"https:\/\/brkljaca.hr\/","logo":{"@type":"ImageObject","inLanguage":"en-GB","@id":"https:\/\/brkljaca.hr\/#\/schema\/logo\/image\/","url":"https:\/\/brkljaca.hr\/wp-content\/uploads\/2024\/05\/PECENJARNICA-BRKLJACA-logo.png","contentUrl":"https:\/\/brkljaca.hr\/wp-content\/uploads\/2024\/05\/PECENJARNICA-BRKLJACA-logo.png","width":450,"height":200,"caption":"brkljaca.hr"},"image":{"@id":"https:\/\/brkljaca.hr\/#\/schema\/logo\/image\/"}}]}},"_links":{"self":[{"href":"https:\/\/brkljaca.hr\/en\/wp-json\/wp\/v2\/pages\/1128","targetHints":{"allow":["GET"]}}],"collection":[{"href":"https:\/\/brkljaca.hr\/en\/wp-json\/wp\/v2\/pages"}],"about":[{"href":"https:\/\/brkljaca.hr\/en\/wp-json\/wp\/v2\/types\/page"}],"author":[{"embeddable":true,"href":"https:\/\/brkljaca.hr\/en\/wp-json\/wp\/v2\/users\/1"}],"replies":[{"embeddable":true,"href":"https:\/\/brkljaca.hr\/en\/wp-json\/wp\/v2\/comments?post=1128"}],"version-history":[{"count":1,"href":"https:\/\/brkljaca.hr\/en\/wp-json\/wp\/v2\/pages\/1128\/revisions"}],"predecessor-version":[{"id":1129,"href":"https:\/\/brkljaca.hr\/en\/wp-json\/wp\/v2\/pages\/1128\/revisions\/1129"}],"wp:attachment":[{"href":"https:\/\/brkljaca.hr\/en\/wp-json\/wp\/v2\/media?parent=1128"}],"curies":[{"name":"wp","href":"https:\/\/api.w.org\/{rel}","templated":true}]}}