{"id":1128,"date":"2024-06-09T01:47:56","date_gmt":"2024-06-08T23:47:56","guid":{"rendered":"https:\/\/brkljaca.hr\/?page_id=1128"},"modified":"2024-06-09T01:49:01","modified_gmt":"2024-06-08T23:49:01","slug":"uvjeti-koristenja","status":"publish","type":"page","link":"https:\/\/brkljaca.hr\/de\/nutzungsbedingungen\/","title":{"rendered":"Nutzungsbedingungen"},"content":{"rendered":"<p>Willkommen in Pe\u010denjarnica Brklja\u010da!<\/p>\n\n\n\n<p>Diese Allgemeinen Gesch\u00e4ftsbedingungen beschreiben die Regeln und Vorschriften f\u00fcr die Nutzung der Website von BRKLJA\u010cA, obrt za trgovinje, vl Jadranka Brklja\u010da unter https:\/\/brkljaca.hr\/.<\/p>\n\n\n\n<p>Mit dem Zugriff auf diese Website gehen wir davon aus, dass Sie diese Allgemeinen Gesch\u00e4ftsbedingungen akzeptieren. Nutzen Sie Pe\u010denjarnica Brklja\u010da nicht weiter, wenn Sie nicht alle auf dieser Seite genannten Bedingungen akzeptieren.<\/p>\n\n\n\n<p>F\u00fcr diese Allgemeinen Gesch\u00e4ftsbedingungen, die Datenschutzerkl\u00e4rung und den Haftungsausschluss sowie alle Vereinbarungen gilt die folgende Terminologie: \u201eKunde\u201c, \u201eSie\u201c und \u201eIhr\u201c bezieht sich auf Sie, die Person, die sich auf dieser Website anmeldet, und zwar in \u00dcbereinstimmung mit den Allgemeinen Gesch\u00e4ftsbedingungen von das Unternehmen. \u201eUnternehmen\u201c, \u201eWir\u201c, \u201eUns\u201c, \u201eUnser\u201c und \u201eUns\u201c beziehen sich auf unser Unternehmen. \u201ePartei\u201c, \u201eParteien\u201c oder \u201ewir\u201c bezieht sich sowohl auf den Kunden als auch auf uns. Alle Bedingungen beziehen sich auf das Angebot, die Annahme und die Gegenleistung f\u00fcr die Zahlung, die erforderlich ist, um den Prozess unserer Unterst\u00fctzung f\u00fcr den Kunden auf die am besten geeignete Weise durchzuf\u00fchren, mit dem ausdr\u00fccklichen Zweck, die Bed\u00fcrfnisse des Kunden hinsichtlich der Bereitstellung der oben genannten Dienstleistungen des Unternehmens gem\u00e4\u00df zu erf\u00fcllen mit dem geltenden Recht der Tschechischen Republik. Jegliche Verwendung der oben genannten Terminologie oder anderer W\u00f6rter im Singular, Plural, in Gro\u00df- und Kleinschreibung und\/oder er\/sie oder sie gelten als austauschbar und beziehen sich daher auf dasselbe.<\/p>\n\n\n\n<h3 class=\"wp-block-heading\"><strong>Kekse<\/strong><\/h3>\n\n\n\n<p>Wir verwenden Cookies. Durch den Zugriff auf Pe\u010denjarnica Brklja\u010da stimmen Sie der Verwendung von Cookies in \u00dcbereinstimmung mit der Datenschutzrichtlinie von Jadranka Brklja\u010da zu.<\/p>\n\n\n\n<p>Die meisten interaktiven Websites verwenden Cookies, damit wir bei jedem Besuch Benutzerinformationen abrufen k\u00f6nnen. Unsere Website verwendet Cookies, um die Funktionalit\u00e4t bestimmter Bereiche zu erm\u00f6glichen und den Besuchern den Besuch unserer Website zu erleichtern. Einige unserer Affiliate-\/Werbepartner verwenden m\u00f6glicherweise auch Cookies.<\/p>\n\n\n\n<h3 class=\"wp-block-heading\"><strong>Lizenz<\/strong><\/h3>\n\n\n\n<p>Sofern nicht anders angegeben, besitzen BRKLJA\u010cA, obrt za trgovinje, vl Jadranka Brklja\u010da und\/oder ihre Lizenzgeber die geistigen Eigentumsrechte f\u00fcr das gesamte Material bei Pe\u010denjarnica Brklja\u010da. Alle geistigen Eigentumsrechte bleiben vorbehalten. Sie k\u00f6nnen von der B\u00e4ckerei Brklja\u010da aus darauf f\u00fcr Ihren pers\u00f6nlichen Gebrauch zugreifen, vorbehaltlich der in diesen Bedingungen dargelegten Einschr\u00e4nkungen.<\/p>\n\n\n\n<p>Du darfst nicht:<\/p>\n\n\n\n<ul class=\"wp-block-list\">\n<li>Ver\u00f6ffentlichen Sie Material von Pe\u010denjarnica Brklja\u010da erneut<\/li>\n\n\n\n<li>Verkaufen, vermieten oder unterlizenzieren Sie das Material von Pe\u010denjarnica Brklja\u010da<\/li>\n\n\n\n<li>Reproduzieren, duplizieren oder kopieren Sie Material von Pe\u010denjarnica Brklja\u010da<\/li>\n\n\n\n<li>Inhalte von Pe\u010denjarnica Brklja\u010da weiterverbreiten<\/li>\n<\/ul>\n\n\n\n<p>Diese Vereinbarung tritt an diesem Datum in Kraft. Unsere Allgemeinen Gesch\u00e4ftsbedingungen wurden mit Hilfe von erstellt&nbsp;<a href=\"https:\/\/www-termsandconditionsgenerator-com.translate.goog\/?_x_tr_sl=en&amp;_x_tr_tl=hr&amp;_x_tr_hl=hr&amp;_x_tr_pto=wapp\">Kostenloser AGB-Generator<\/a>&nbsp;.<\/p>\n\n\n\n<p>Teile dieser Website bieten Benutzern die M\u00f6glichkeit, in bestimmten Bereichen der Website Meinungen und Informationen zu ver\u00f6ffentlichen und auszutauschen. BRKLJA\u010cA, obrt za trgovinje, vl. Jadranka Brklja\u010da filtert, bearbeitet, ver\u00f6ffentlicht oder \u00fcberpr\u00fcft Kommentare nicht, bevor sie auf der Website erscheinen. Die Kommentare spiegeln nicht die Ansichten und Meinungen von BRKLJA\u010c,obrt za trgovinje, der Eigent\u00fcmerin Jadranka Brklja\u010da, seinen Vertretern und\/oder verbundenen Unternehmen wider. Kommentare spiegeln die Ansichten und Meinungen der Person wider, die ihre Ansichten und Meinungen ver\u00f6ffentlicht. Soweit gesetzlich zul\u00e4ssig, \u00fcbernimmt BRKLJA\u010cA, obrt za trgovinje, vl Erscheinen von Kommentaren auf dieser Website.<\/p>\n\n\n\n<p>BRKLJA\u010cA, obrt za trgovinje, vl. Jadranka Brklja\u010da beh\u00e4lt sich das Recht vor, alle Kommentare zu \u00fcberwachen und alle Kommentare zu entfernen, die als unangemessen oder beleidigend angesehen werden oder einen Versto\u00df gegen diese Bedingungen darstellen k\u00f6nnten.<\/p>\n\n\n\n<p>Sie garantieren und versichern, dass:<\/p>\n\n\n\n<ul class=\"wp-block-list\">\n<li>Sie haben das Recht, Kommentare auf unserer Website zu ver\u00f6ffentlichen und verf\u00fcgen \u00fcber alle daf\u00fcr erforderlichen Lizenzen und Einwilligungen;<\/li>\n\n\n\n<li>Die Kommentare verletzen keine geistigen Eigentumsrechte, einschlie\u00dflich, aber nicht beschr\u00e4nkt auf, das Urheberrecht, Patent oder Warenzeichen Dritter;<\/li>\n\n\n\n<li>Kommentare enthalten kein verleumderisches, diffamierendes, beleidigendes, obsz\u00f6nes oder anderweitig rechtswidriges Material, das einen Eingriff in die Privatsph\u00e4re darstellt<\/li>\n\n\n\n<li>Kommentare d\u00fcrfen nicht dazu verwendet werden, Gesch\u00e4fte oder Praktiken anzupreisen oder zu f\u00f6rdern oder kommerzielle oder illegale Aktivit\u00e4ten darzustellen.<\/li>\n<\/ul>\n\n\n\n<p>BRKLJA\u010cA, obrt za trgovinje, vl. Jadranka Brklja\u010da gew\u00e4hrt hiermit eine nicht-exklusive Lizenz zur Nutzung, Vervielf\u00e4ltigung, Bearbeitung und erm\u00e4chtigt andere zur Nutzung, Vervielf\u00e4ltigung und Bearbeitung Ihrer Kommentare in allen Formen, Formaten und Medien.<\/p>\n\n\n\n<h3 class=\"wp-block-heading\"><strong>Hyperlink zu unseren Inhalten<\/strong><\/h3>\n\n\n\n<p>Die folgenden Organisationen d\u00fcrfen ohne vorherige schriftliche Genehmigung auf unsere Website verlinken:<\/p>\n\n\n\n<ul class=\"wp-block-list\">\n<li>Regierungsbeh\u00f6rden;<\/li>\n\n\n\n<li>Suchmaschinen;<\/li>\n\n\n\n<li>Nachrichtenorganisationen;<\/li>\n\n\n\n<li>Anbieter von Internetverzeichnissen k\u00f6nnen auf die gleiche Weise auf unsere Website verlinken wie auf die Websites anderer aufgef\u00fchrter Unternehmen. Und<\/li>\n\n\n\n<li>Akkreditierte Unternehmen im gesamten System, mit Ausnahme von sammelnden gemeinn\u00fctzigen Organisationen, Wohlt\u00e4tigkeitszentren und gemeinn\u00fctzigen Spendengruppen, die m\u00f6glicherweise keinen Hyperlink zu unserer Website haben.<\/li>\n<\/ul>\n\n\n\n<p>Diese Organisationen d\u00fcrfen auf unsere Homepage, Ver\u00f6ffentlichungen oder andere Informationen auf der Website verlinken, sofern der Link: (a) in keiner Weise irref\u00fchrend ist; (b) bedeutet nicht, dass der Link und seine Produkte und\/oder Dienstleistungen falsch gesponsert, bef\u00fcrwortet oder genehmigt werden; und (c) in den Kontext der verlinkten Seite passt.<\/p>\n\n\n\n<p>Wir k\u00f6nnen andere Anfragen zur Verbindung der folgenden Arten von Organisationen pr\u00fcfen und genehmigen:<\/p>\n\n\n\n<ul class=\"wp-block-list\">\n<li>allgemein bekannte Informationsquellen f\u00fcr Verbraucher und\/oder Unternehmen;<\/li>\n\n\n\n<li>dot.com-Community-Sites;<\/li>\n\n\n\n<li>Vereine oder andere Gruppierungen, die gemeinn\u00fctzige Organisationen vertreten;<\/li>\n\n\n\n<li>Online-Verteiler von Verzeichnissen;<\/li>\n\n\n\n<li>Internetportale;<\/li>\n\n\n\n<li>Buchhaltungs-, Rechts- und Beratungsfirmen; Und<\/li>\n\n\n\n<li>Bildungseinrichtungen und Berufsverb\u00e4nde.<\/li>\n<\/ul>\n\n\n\n<p>Wir genehmigen Verkn\u00fcpfungsanfragen dieser Organisationen, wenn wir feststellen, dass: (a) die Verkn\u00fcpfung nicht dazu f\u00fchrt, dass wir oder unsere akkreditierten Unternehmen in einem schlechten Licht erscheinen; (b) die Organisation hat keine negativen Aufzeichnungen bei uns; (c) Der Nutzen, den wir aus der Sichtbarkeit des Hyperlinks ziehen, gleicht das Fehlen von BRKLJA\u010c, obrt za trgovinje, vl. aus. und (d) der Link steht im Zusammenhang mit allgemeinen Informationen \u00fcber die Quelle.<\/p>\n\n\n\n<p>Diese Organisationen d\u00fcrfen auf unsere Homepage verlinken, sofern der Link: (a) in keiner Weise irref\u00fchrend ist; (b) bedeutet nicht, dass der Link und seine Produkte oder Dienstleistungen falsch gesponsert, bef\u00fcrwortet oder genehmigt werden; und (c) in den Kontext der verlinkten Seite passt.<\/p>\n\n\n\n<p>Wenn Sie eine der in Absatz 2 aufgef\u00fchrten Organisationen sind und an einer Verlinkung zu unserer Website interessiert sind, m\u00fcssen Sie uns dies per E-Mail an BRKLJA\u010cA, obrt za trgovinje, vl. mitteilen. Bitte geben Sie Ihren Namen, den Namen Ihrer Organisation, Kontaktinformationen sowie die URL Ihrer Website an, eine Liste aller URLs, von denen Sie auf unsere Website verlinken m\u00f6chten, und eine Liste der URLs auf unserer Website, zu denen Sie m\u00f6chten verlinken. Bitte erlauben Sie 2-3 Wochen f\u00fcr eine Antwort.<\/p>\n\n\n\n<p>Zugelassene Organisationen k\u00f6nnen wie folgt auf unsere Website verlinken:<\/p>\n\n\n\n<ul class=\"wp-block-list\">\n<li>Durch die Verwendung unseres Firmennamens; oder<\/li>\n\n\n\n<li>Durch Verwendung des eindeutigen Locators der Ressource, mit der sie verkn\u00fcpft ist; oder<\/li>\n\n\n\n<li>Durch die Verwendung einer anderen Beschreibung unserer verlinkten Website, die im Kontext und Format des Inhalts auf der verlinkten Website sinnvoll ist.<\/li>\n<\/ul>\n\n\n\n<p>Ohne eine Markenlizenzvereinbarung d\u00fcrfen keine Vorteile von BRKLJA\u010cA, obrt za trgovinje, vl. Logo oder anderen Kunstwerken von Jadranka Brklja\u010da verlinkt werden.<\/p>\n\n\n\n<h3 class=\"wp-block-heading\"><strong>iFrames<\/strong><\/h3>\n\n\n\n<p>Ohne vorherige Genehmigung und schriftliche Genehmigung d\u00fcrfen Sie keine Frames um unsere Webseiten herum erstellen, die in irgendeiner Weise die visuelle Darstellung oder das Erscheinungsbild unserer Webseiten ver\u00e4ndern.<\/p>\n\n\n\n<h3 class=\"wp-block-heading\"><strong>Verantwortlichkeit f\u00fcr den Inhalt<\/strong><\/h3>\n\n\n\n<p>Wir \u00fcbernehmen keine Verantwortung f\u00fcr Inhalte, die auf Ihrer Website erscheinen. Sie erkl\u00e4ren sich damit einverstanden, uns von allen Anspr\u00fcchen freizustellen und zu verteidigen, die auf Ihrer Website erscheinen. Auf einer Website d\u00fcrfen keine Links erscheinen, die als verleumderisch, obsz\u00f6n oder kriminell ausgelegt werden k\u00f6nnten oder die die Rechte Dritter verletzen, anderweitig verletzen oder deren Verletzung oder sonstige Verletzung bef\u00fcrworten.<\/p>\n\n\n\n<h3 class=\"wp-block-heading\"><strong>Rechtsvorbehalt<\/strong><\/h3>\n\n\n\n<p>Wir behalten uns das Recht vor, Sie aufzufordern, alle oder bestimmte Links zu unserer Website zu entfernen. Sie stimmen der sofortigen Entfernung aller Links zu unserer Website auf Anfrage zu. Wir behalten uns au\u00dferdem das Recht vor, diese Allgemeinen Gesch\u00e4ftsbedingungen jederzeit zu \u00e4ndern. Indem Sie weiterhin eine Verbindung zu unserer Website herstellen, akzeptieren Sie diese Verlinkungsbedingungen und befolgen diese.<\/p>\n\n\n\n<h3 class=\"wp-block-heading\"><strong>Entfernung von Links von unserer Website<\/strong><\/h3>\n\n\n\n<p>Sollten Sie aus irgendeinem Grund einen Link auf unserer Website als anst\u00f6\u00dfig empfinden, k\u00f6nnen Sie uns jederzeit kontaktieren und uns dies mitteilen. Wir werden Anfragen zur Entfernung von Links ber\u00fccksichtigen, sind jedoch nicht verpflichtet, Ihnen direkt zu antworten.<\/p>\n\n\n\n<p>Wir \u00fcbernehmen keine Gew\u00e4hr f\u00fcr die Richtigkeit der Informationen auf dieser Website, wir \u00fcbernehmen keine Gew\u00e4hr f\u00fcr deren Vollst\u00e4ndigkeit oder Richtigkeit; Wir versprechen auch nicht, sicherzustellen, dass die Website verf\u00fcgbar bleibt oder dass das Material auf der Website aktualisiert wird.<\/p>\n\n\n\n<h3 class=\"wp-block-heading\"><strong>Verzicht<\/strong><\/h3>\n\n\n\n<p>Soweit gesetzlich zul\u00e4ssig, schlie\u00dfen wir alle Zusicherungen, Gew\u00e4hrleistungen und Bedingungen im Zusammenhang mit unserer Website und der Nutzung dieser Website aus. Nichts in diesem Haftungsausschluss soll:<\/p>\n\n\n\n<ul class=\"wp-block-list\">\n<li>unsere oder Ihre Haftung f\u00fcr Tod oder K\u00f6rperverletzung einzuschr\u00e4nken oder auszuschlie\u00dfen;<\/li>\n\n\n\n<li>unsere oder Ihre Haftung f\u00fcr Betrug oder Falschdarstellung einzuschr\u00e4nken oder auszuschlie\u00dfen;<\/li>\n\n\n\n<li>Beschr\u00e4nken Sie unsere oder Ihre Haftung auf eine Weise, die nach geltendem Recht nicht zul\u00e4ssig ist. oder<\/li>\n\n\n\n<li>schlie\u00dfen Sie jegliche Haftung von uns oder Ihnen aus, die nach geltendem Recht nicht ausgeschlossen werden kann.<\/li>\n<\/ul>\n\n\n\n<p>Die in diesem Abschnitt und an anderer Stelle in diesem Haftungsausschluss dargelegten Haftungsbeschr\u00e4nkungen und -ausschl\u00fcsse: (a) unterliegen dem vorstehenden Absatz; und (b) alle Haftungen regeln, die sich aus dem Haftungsausschluss ergeben, einschlie\u00dflich der Haftung aus Vertrag, unerlaubter Handlung und Verletzung gesetzlicher Pflichten.<\/p>\n\n\n\n<p>Solange die Website sowie die darauf angebotenen Informationen und Dienste kostenfrei zur Verf\u00fcgung gestellt werden, haften wir nicht f\u00fcr Verluste oder Sch\u00e4den jeglicher Art.<\/p>","protected":false},"excerpt":{"rendered":"<p>Willkommen in Pe\u0107enjarnica Brklja\u010da! Diese Bedingungen beschreiben die Regeln und Vorschriften f\u00fcr die Nutzung der Website von BRKLJA\u010cA, obrt za trgovinje, vl Jadranka Brklja\u010da unter https:\/\/brkljaca.hr\/. Mit dem Zugriff auf diese Website gehen wir davon aus, dass Sie diese Allgemeinen Gesch\u00e4ftsbedingungen akzeptieren. Nutzen Sie Pe\u010denjarnica Brklja\u010da nicht weiter, wenn Sie nicht alle auf dieser Seite genannten Bedingungen akzeptieren. Die folgende Terminologie gilt [...]<\/p>","protected":false},"author":1,"featured_media":0,"parent":0,"menu_order":0,"comment_status":"closed","ping_status":"closed","template":"","meta":{"site-sidebar-layout":"default","site-content-layout":"","ast-site-content-layout":"normal-width-container","site-content-style":"default","site-sidebar-style":"default","ast-global-header-display":"","ast-banner-title-visibility":"","ast-main-header-display":"","ast-hfb-above-header-display":"","ast-hfb-below-header-display":"","ast-hfb-mobile-header-display":"","site-post-title":"","ast-breadcrumbs-content":"","ast-featured-img":"disabled","footer-sml-layout":"","ast-disable-related-posts":"","theme-transparent-header-meta":"","adv-header-id-meta":"","stick-header-meta":"","header-above-stick-meta":"","header-main-stick-meta":"","header-below-stick-meta":"","astra-migrate-meta-layouts":"default","ast-page-background-enabled":"default","ast-page-background-meta":{"desktop":{"background-color":"var(--ast-global-color-4)","background-image":"","background-repeat":"repeat","background-position":"center center","background-size":"auto","background-attachment":"scroll","background-type":"","background-media":"","overlay-type":"","overlay-color":"","overlay-opacity":"","overlay-gradient":""},"tablet":{"background-color":"","background-image":"","background-repeat":"repeat","background-position":"center center","background-size":"auto","background-attachment":"scroll","background-type":"","background-media":"","overlay-type":"","overlay-color":"","overlay-opacity":"","overlay-gradient":""},"mobile":{"background-color":"","background-image":"","background-repeat":"repeat","background-position":"center center","background-size":"auto","background-attachment":"scroll","background-type":"","background-media":"","overlay-type":"","overlay-color":"","overlay-opacity":"","overlay-gradient":""}},"ast-content-background-meta":{"desktop":{"background-color":"var(--ast-global-color-5)","background-image":"","background-repeat":"repeat","background-position":"center center","background-size":"auto","background-attachment":"scroll","background-type":"","background-media":"","overlay-type":"","overlay-color":"","overlay-opacity":"","overlay-gradient":""},"tablet":{"background-color":"var(--ast-global-color-5)","background-image":"","background-repeat":"repeat","background-position":"center center","background-size":"auto","background-attachment":"scroll","background-type":"","background-media":"","overlay-type":"","overlay-color":"","overlay-opacity":"","overlay-gradient":""},"mobile":{"background-color":"var(--ast-global-color-5)","background-image":"","background-repeat":"repeat","background-position":"center center","background-size":"auto","background-attachment":"scroll","background-type":"","background-media":"","overlay-type":"","overlay-color":"","overlay-opacity":"","overlay-gradient":""}},"footnotes":""},"class_list":["post-1128","page","type-page","status-publish","hentry"],"yoast_head":"<!-- This site is optimized with the Yoast SEO plugin v27.4 - https:\/\/yoast.com\/product\/yoast-seo-wordpress\/ -->\n<title>Uvjeti kori\u0161tenja - brkljaca.hr<\/title>\n<meta name=\"robots\" content=\"noindex, follow\" \/>\n<meta property=\"og:locale\" content=\"de_DE\" \/>\n<meta property=\"og:type\" content=\"article\" \/>\n<meta property=\"og:title\" content=\"Uvjeti kori\u0161tenja - brkljaca.hr\" \/>\n<meta property=\"og:description\" content=\"Dobrodo\u0161li u Pe\u010denjarnicu Brklja\u010da! Ovi uvjeti opisuju pravila i propise za kori\u0161tenje BRKLJA\u010cA,obrt za trgovinu, vl. Internetska stranica Jadranke Brklja\u010de, koja se nalazi na adresi https:\/\/brkljaca.hr\/. Pristupanjem ovoj web stranici pretpostavljamo da prihva\u0107ate ove uvjete i odredbe. Nemojte nastaviti koristiti Pe\u010denjarnicu Brklja\u010da ako ne prihva\u0107ate sve uvjete navedene na ovoj stranici. Sljede\u0107a terminologija primjenjuje se [&hellip;]\" \/>\n<meta property=\"og:url\" content=\"https:\/\/brkljaca.hr\/de\/nutzungsbedingungen\/\" \/>\n<meta property=\"og:site_name\" content=\"brkljaca.hr\" \/>\n<meta property=\"article:modified_time\" content=\"2024-06-08T23:49:01+00:00\" \/>\n<meta name=\"twitter:card\" content=\"summary_large_image\" \/>\n<meta name=\"twitter:label1\" content=\"Est. reading time\" \/>\n\t<meta name=\"twitter:data1\" content=\"8 minutes\" \/>\n<script type=\"application\/ld+json\" class=\"yoast-schema-graph\">{\"@context\":\"https:\\\/\\\/schema.org\",\"@graph\":[{\"@type\":\"WebPage\",\"@id\":\"https:\\\/\\\/brkljaca.hr\\\/uvjeti-koristenja\\\/\",\"url\":\"https:\\\/\\\/brkljaca.hr\\\/uvjeti-koristenja\\\/\",\"name\":\"Uvjeti kori\u0161tenja - brkljaca.hr\",\"isPartOf\":{\"@id\":\"https:\\\/\\\/brkljaca.hr\\\/#website\"},\"datePublished\":\"2024-06-08T23:47:56+00:00\",\"dateModified\":\"2024-06-08T23:49:01+00:00\",\"breadcrumb\":{\"@id\":\"https:\\\/\\\/brkljaca.hr\\\/uvjeti-koristenja\\\/#breadcrumb\"},\"inLanguage\":\"de-DE\",\"potentialAction\":[{\"@type\":\"ReadAction\",\"target\":[\"https:\\\/\\\/brkljaca.hr\\\/uvjeti-koristenja\\\/\"]}]},{\"@type\":\"BreadcrumbList\",\"@id\":\"https:\\\/\\\/brkljaca.hr\\\/uvjeti-koristenja\\\/#breadcrumb\",\"itemListElement\":[{\"@type\":\"ListItem\",\"position\":1,\"name\":\"Po\u010detna stranica\",\"item\":\"https:\\\/\\\/brkljaca.hr\\\/\"},{\"@type\":\"ListItem\",\"position\":2,\"name\":\"Uvjeti kori\u0161tenja\"}]},{\"@type\":\"WebSite\",\"@id\":\"https:\\\/\\\/brkljaca.hr\\\/#website\",\"url\":\"https:\\\/\\\/brkljaca.hr\\\/\",\"name\":\"brkljaca.hr\",\"description\":\"\",\"publisher\":{\"@id\":\"https:\\\/\\\/brkljaca.hr\\\/#organization\"},\"potentialAction\":[{\"@type\":\"SearchAction\",\"target\":{\"@type\":\"EntryPoint\",\"urlTemplate\":\"https:\\\/\\\/brkljaca.hr\\\/?s={search_term_string}\"},\"query-input\":{\"@type\":\"PropertyValueSpecification\",\"valueRequired\":true,\"valueName\":\"search_term_string\"}}],\"inLanguage\":\"de-DE\"},{\"@type\":\"Organization\",\"@id\":\"https:\\\/\\\/brkljaca.hr\\\/#organization\",\"name\":\"brkljaca.hr\",\"url\":\"https:\\\/\\\/brkljaca.hr\\\/\",\"logo\":{\"@type\":\"ImageObject\",\"inLanguage\":\"de-DE\",\"@id\":\"https:\\\/\\\/brkljaca.hr\\\/#\\\/schema\\\/logo\\\/image\\\/\",\"url\":\"https:\\\/\\\/brkljaca.hr\\\/wp-content\\\/uploads\\\/2024\\\/05\\\/PECENJARNICA-BRKLJACA-logo.png\",\"contentUrl\":\"https:\\\/\\\/brkljaca.hr\\\/wp-content\\\/uploads\\\/2024\\\/05\\\/PECENJARNICA-BRKLJACA-logo.png\",\"width\":450,\"height\":200,\"caption\":\"brkljaca.hr\"},\"image\":{\"@id\":\"https:\\\/\\\/brkljaca.hr\\\/#\\\/schema\\\/logo\\\/image\\\/\"}}]}<\/script>\n<!-- \/ Yoast SEO plugin. -->","yoast_head_json":{"title":"Nutzungsbedingungen - brkljaca.hr","robots":{"index":"noindex","follow":"follow"},"og_locale":"de_DE","og_type":"article","og_title":"Uvjeti kori\u0161tenja - brkljaca.hr","og_description":"Dobrodo\u0161li u Pe\u010denjarnicu Brklja\u010da! Ovi uvjeti opisuju pravila i propise za kori\u0161tenje BRKLJA\u010cA,obrt za trgovinu, vl. Internetska stranica Jadranke Brklja\u010de, koja se nalazi na adresi https:\/\/brkljaca.hr\/. Pristupanjem ovoj web stranici pretpostavljamo da prihva\u0107ate ove uvjete i odredbe. Nemojte nastaviti koristiti Pe\u010denjarnicu Brklja\u010da ako ne prihva\u0107ate sve uvjete navedene na ovoj stranici. Sljede\u0107a terminologija primjenjuje se [&hellip;]","og_url":"https:\/\/brkljaca.hr\/de\/nutzungsbedingungen\/","og_site_name":"brkljaca.hr","article_modified_time":"2024-06-08T23:49:01+00:00","twitter_card":"summary_large_image","twitter_misc":{"Est. reading time":"8 minutes"},"schema":{"@context":"https:\/\/schema.org","@graph":[{"@type":"WebPage","@id":"https:\/\/brkljaca.hr\/uvjeti-koristenja\/","url":"https:\/\/brkljaca.hr\/uvjeti-koristenja\/","name":"Nutzungsbedingungen - brkljaca.hr","isPartOf":{"@id":"https:\/\/brkljaca.hr\/#website"},"datePublished":"2024-06-08T23:47:56+00:00","dateModified":"2024-06-08T23:49:01+00:00","breadcrumb":{"@id":"https:\/\/brkljaca.hr\/uvjeti-koristenja\/#breadcrumb"},"inLanguage":"de-DE","potentialAction":[{"@type":"ReadAction","target":["https:\/\/brkljaca.hr\/uvjeti-koristenja\/"]}]},{"@type":"BreadcrumbList","@id":"https:\/\/brkljaca.hr\/uvjeti-koristenja\/#breadcrumb","itemListElement":[{"@type":"ListItem","position":1,"name":"Po\u010detna stranica","item":"https:\/\/brkljaca.hr\/"},{"@type":"ListItem","position":2,"name":"Uvjeti kori\u0161tenja"}]},{"@type":"WebSite","@id":"https:\/\/brkljaca.hr\/#website","url":"https:\/\/brkljaca.hr\/","name":"brkljaca.hr","description":"","publisher":{"@id":"https:\/\/brkljaca.hr\/#organization"},"potentialAction":[{"@type":"SearchAction","target":{"@type":"EntryPoint","urlTemplate":"https:\/\/brkljaca.hr\/?s={search_term_string}"},"query-input":{"@type":"PropertyValueSpecification","valueRequired":true,"valueName":"search_term_string"}}],"inLanguage":"de-DE"},{"@type":"Organization","@id":"https:\/\/brkljaca.hr\/#organization","name":"brkljaca.hr","url":"https:\/\/brkljaca.hr\/","logo":{"@type":"ImageObject","inLanguage":"de-DE","@id":"https:\/\/brkljaca.hr\/#\/schema\/logo\/image\/","url":"https:\/\/brkljaca.hr\/wp-content\/uploads\/2024\/05\/PECENJARNICA-BRKLJACA-logo.png","contentUrl":"https:\/\/brkljaca.hr\/wp-content\/uploads\/2024\/05\/PECENJARNICA-BRKLJACA-logo.png","width":450,"height":200,"caption":"brkljaca.hr"},"image":{"@id":"https:\/\/brkljaca.hr\/#\/schema\/logo\/image\/"}}]}},"_links":{"self":[{"href":"https:\/\/brkljaca.hr\/de\/wp-json\/wp\/v2\/pages\/1128","targetHints":{"allow":["GET"]}}],"collection":[{"href":"https:\/\/brkljaca.hr\/de\/wp-json\/wp\/v2\/pages"}],"about":[{"href":"https:\/\/brkljaca.hr\/de\/wp-json\/wp\/v2\/types\/page"}],"author":[{"embeddable":true,"href":"https:\/\/brkljaca.hr\/de\/wp-json\/wp\/v2\/users\/1"}],"replies":[{"embeddable":true,"href":"https:\/\/brkljaca.hr\/de\/wp-json\/wp\/v2\/comments?post=1128"}],"version-history":[{"count":1,"href":"https:\/\/brkljaca.hr\/de\/wp-json\/wp\/v2\/pages\/1128\/revisions"}],"predecessor-version":[{"id":1129,"href":"https:\/\/brkljaca.hr\/de\/wp-json\/wp\/v2\/pages\/1128\/revisions\/1129"}],"wp:attachment":[{"href":"https:\/\/brkljaca.hr\/de\/wp-json\/wp\/v2\/media?parent=1128"}],"curies":[{"name":"wp","href":"https:\/\/api.w.org\/{rel}","templated":true}]}}